{"id":902,"date":"2022-05-12T12:53:18","date_gmt":"2022-05-12T10:53:18","guid":{"rendered":"https:\/\/agrotecnica2.com\/catalogue\/produits-speciaux\/hortifol\/"},"modified":"2022-05-12T12:59:54","modified_gmt":"2022-05-12T10:59:54","slug":"hortifol","status":"publish","type":"page","link":"https:\/\/agrotecnica2.com\/fr\/catalogue\/produits-speciaux\/hortifol\/","title":{"rendered":"Hortifol"},"content":{"rendered":"\t\t<div data-elementor-type=\"wp-page\" data-elementor-id=\"902\" class=\"elementor elementor-902 elementor-882\" data-elementor-settings=\"[]\">\n\t\t\t\t\t\t\t<div class=\"elementor-section-wrap\">\n\t\t\t\t\t\t\t<section class=\"elementor-section elementor-top-section elementor-element elementor-element-4997bb1 elementor-section-boxed elementor-section-height-default elementor-section-height-default\" data-id=\"4997bb1\" data-element_type=\"section\">\n\t\t\t\t\t\t<div class=\"elementor-container elementor-column-gap-default\">\n\t\t\t\t\t<div class=\"elementor-column elementor-col-100 elementor-top-column elementor-element elementor-element-a419d75\" data-id=\"a419d75\" data-element_type=\"column\">\n\t\t\t<div class=\"elementor-widget-wrap elementor-element-populated\">\n\t\t\t\t\t\t\t\t<div class=\"elementor-element elementor-element-4bd12d4 elementor-widget elementor-widget-breadcrumbs\" data-id=\"4bd12d4\" data-element_type=\"widget\" data-widget_type=\"breadcrumbs.default\">\n\t\t\t\t<div class=\"elementor-widget-container\">\n\t\t\t<nav aria-label=\"breadcrumbs\" class=\"rank-math-breadcrumb\"><p><\/p><\/nav>\t\t<\/div>\n\t\t\t\t<\/div>\n\t\t\t\t\t<\/div>\n\t\t<\/div>\n\t\t\t\t\t\t\t<\/div>\n\t\t<\/section>\n\t\t\t\t<section class=\"elementor-section elementor-top-section elementor-element elementor-element-6fa0f6b elementor-section-boxed elementor-section-height-default elementor-section-height-default\" data-id=\"6fa0f6b\" data-element_type=\"section\">\n\t\t\t\t\t\t<div class=\"elementor-container elementor-column-gap-default\">\n\t\t\t\t\t<div class=\"elementor-column elementor-col-50 elementor-top-column elementor-element elementor-element-b7b424e\" data-id=\"b7b424e\" data-element_type=\"column\">\n\t\t\t<div class=\"elementor-widget-wrap elementor-element-populated\">\n\t\t\t\t\t\t\t\t<div class=\"elementor-element elementor-element-f49d474 elementor-widget elementor-widget-image\" data-id=\"f49d474\" data-element_type=\"widget\" data-widget_type=\"image.default\">\n\t\t\t\t<div class=\"elementor-widget-container\">\n\t\t\t<style>\/*! elementor - v3.5.6 - 28-02-2022 *\/\n.elementor-widget-image{text-align:center}.elementor-widget-image a{display:inline-block}.elementor-widget-image a img[src$=\".svg\"]{width:48px}.elementor-widget-image img{vertical-align:middle;display:inline-block}<\/style>\t\t\t\t\t\t\t\t\t\t\t\t<img loading=\"lazy\" decoding=\"async\" width=\"1000\" height=\"664\" src=\"https:\/\/agrotecnica2.com\/wp-content\/uploads\/2022\/05\/Hortifol-1.jpg\" class=\"attachment-full size-full\" alt=\"\" srcset=\"https:\/\/agrotecnica2.com\/wp-content\/uploads\/2022\/05\/Hortifol-1.jpg 1000w, https:\/\/agrotecnica2.com\/wp-content\/uploads\/2022\/05\/Hortifol-1-300x199.jpg 300w, https:\/\/agrotecnica2.com\/wp-content\/uploads\/2022\/05\/Hortifol-1-768x510.jpg 768w\" sizes=\"auto, (max-width: 1000px) 100vw, 1000px\" \/>\t\t\t\t\t\t\t\t\t\t\t\t\t\t\t<\/div>\n\t\t\t\t<\/div>\n\t\t\t\t<div class=\"elementor-element elementor-element-698edc6 elementor-widget elementor-widget-image-gallery\" data-id=\"698edc6\" data-element_type=\"widget\" data-widget_type=\"image-gallery.default\">\n\t\t\t\t<div class=\"elementor-widget-container\">\n\t\t\t<style>\/*! elementor - v3.5.6 - 28-02-2022 *\/\n.elementor-image-gallery .gallery-item{display:inline-block;text-align:center;vertical-align:top;width:100%;max-width:100%;margin:0 auto}.elementor-image-gallery .gallery-item img{margin:0 auto}.elementor-image-gallery .gallery-item .gallery-caption{margin:0}.elementor-image-gallery figure img{display:block}.elementor-image-gallery figure figcaption{width:100%}.gallery-spacing-custom .elementor-image-gallery .gallery-icon{padding:0}@media (min-width:768px){.elementor-image-gallery .gallery-columns-2 .gallery-item{max-width:50%}.elementor-image-gallery .gallery-columns-3 .gallery-item{max-width:33.33%}.elementor-image-gallery .gallery-columns-4 .gallery-item{max-width:25%}.elementor-image-gallery .gallery-columns-5 .gallery-item{max-width:20%}.elementor-image-gallery .gallery-columns-6 .gallery-item{max-width:16.666%}.elementor-image-gallery .gallery-columns-7 .gallery-item{max-width:14.28%}.elementor-image-gallery .gallery-columns-8 .gallery-item{max-width:12.5%}.elementor-image-gallery .gallery-columns-9 .gallery-item{max-width:11.11%}.elementor-image-gallery .gallery-columns-10 .gallery-item{max-width:10%}}@media (min-width:480px) and (max-width:767px){.elementor-image-gallery .gallery.gallery-columns-2 .gallery-item,.elementor-image-gallery .gallery.gallery-columns-3 .gallery-item,.elementor-image-gallery .gallery.gallery-columns-4 .gallery-item,.elementor-image-gallery .gallery.gallery-columns-5 .gallery-item,.elementor-image-gallery .gallery.gallery-columns-6 .gallery-item,.elementor-image-gallery .gallery.gallery-columns-7 .gallery-item,.elementor-image-gallery .gallery.gallery-columns-8 .gallery-item,.elementor-image-gallery .gallery.gallery-columns-9 .gallery-item,.elementor-image-gallery .gallery.gallery-columns-10 .gallery-item{max-width:50%}}@media (max-width:479px){.elementor-image-gallery .gallery.gallery-columns-2 .gallery-item,.elementor-image-gallery .gallery.gallery-columns-3 .gallery-item,.elementor-image-gallery .gallery.gallery-columns-4 .gallery-item,.elementor-image-gallery .gallery.gallery-columns-5 .gallery-item,.elementor-image-gallery .gallery.gallery-columns-6 .gallery-item,.elementor-image-gallery .gallery.gallery-columns-7 .gallery-item,.elementor-image-gallery .gallery.gallery-columns-8 .gallery-item,.elementor-image-gallery .gallery.gallery-columns-9 .gallery-item,.elementor-image-gallery .gallery.gallery-columns-10 .gallery-item{max-width:100%}}<\/style>\t\t<div class=\"elementor-image-gallery\">\n\t\t\t<div id='gallery-1' class='gallery galleryid-902 gallery-columns-3 gallery-size-thumbnail'><figure class='gallery-item'>\n\t\t\t<div class='gallery-icon landscape'>\n\t\t\t\t<a data-elementor-open-lightbox=\"yes\" data-elementor-lightbox-slideshow=\"698edc6\" data-elementor-lightbox-title=\"Hortifol-2\" e-action-hash=\"#elementor-action%3Aaction%3Dlightbox%26settings%3DeyJpZCI6ODkwLCJ1cmwiOiJodHRwczpcL1wvYWdyb3RlY25pY2EyLmNvbVwvd3AtY29udGVudFwvdXBsb2Fkc1wvMjAyMlwvMDVcL0hvcnRpZm9sLTIuanBnIiwic2xpZGVzaG93IjoiNjk4ZWRjNiJ9\" href='https:\/\/agrotecnica2.com\/wp-content\/uploads\/2022\/05\/Hortifol-2.jpg'><img loading=\"lazy\" decoding=\"async\" width=\"150\" height=\"150\" src=\"https:\/\/agrotecnica2.com\/wp-content\/uploads\/2022\/05\/Hortifol-2-150x150.jpg\" class=\"attachment-thumbnail size-thumbnail\" alt=\"\" \/><\/a>\n\t\t\t<\/div><\/figure>\n\t\t<\/div>\n\t\t<\/div>\n\t\t\t\t<\/div>\n\t\t\t\t<\/div>\n\t\t\t\t\t<\/div>\n\t\t<\/div>\n\t\t\t\t<div class=\"elementor-column elementor-col-50 elementor-top-column elementor-element elementor-element-e0115e7\" data-id=\"e0115e7\" data-element_type=\"column\">\n\t\t\t<div class=\"elementor-widget-wrap elementor-element-populated\">\n\t\t\t\t\t\t\t\t<div class=\"elementor-element elementor-element-699f453 elementor-widget elementor-widget-heading\" data-id=\"699f453\" data-element_type=\"widget\" data-widget_type=\"heading.default\">\n\t\t\t\t<div class=\"elementor-widget-container\">\n\t\t\t<style>\/*! elementor - v3.5.6 - 28-02-2022 *\/\n.elementor-heading-title{padding:0;margin:0;line-height:1}.elementor-widget-heading .elementor-heading-title[class*=elementor-size-]>a{color:inherit;font-size:inherit;line-height:inherit}.elementor-widget-heading .elementor-heading-title.elementor-size-small{font-size:15px}.elementor-widget-heading .elementor-heading-title.elementor-size-medium{font-size:19px}.elementor-widget-heading .elementor-heading-title.elementor-size-large{font-size:29px}.elementor-widget-heading .elementor-heading-title.elementor-size-xl{font-size:39px}.elementor-widget-heading .elementor-heading-title.elementor-size-xxl{font-size:59px}<\/style><h1 class=\"elementor-heading-title elementor-size-default\">Hortifol<\/h1>\t\t<\/div>\n\t\t\t\t<\/div>\n\t\t\t\t<div class=\"elementor-element elementor-element-3fbe9f7 elementor-widget elementor-widget-text-editor\" data-id=\"3fbe9f7\" data-element_type=\"widget\" data-widget_type=\"text-editor.default\">\n\t\t\t\t<div class=\"elementor-widget-container\">\n\t\t\t<style>\/*! elementor - v3.5.6 - 28-02-2022 *\/\n.elementor-widget-text-editor.elementor-drop-cap-view-stacked .elementor-drop-cap{background-color:#818a91;color:#fff}.elementor-widget-text-editor.elementor-drop-cap-view-framed .elementor-drop-cap{color:#818a91;border:3px solid;background-color:transparent}.elementor-widget-text-editor:not(.elementor-drop-cap-view-default) .elementor-drop-cap{margin-top:8px}.elementor-widget-text-editor:not(.elementor-drop-cap-view-default) .elementor-drop-cap-letter{width:1em;height:1em}.elementor-widget-text-editor .elementor-drop-cap{float:left;text-align:center;line-height:1;font-size:50px}.elementor-widget-text-editor .elementor-drop-cap-letter{display:inline-block}<\/style>\t\t\t\t<p>Les Acides amin\u00e9s :<\/p><p>Le Proline joue un papier clef dans les d\u00e9s\u00e9quilibres hydriques, en particulier parce que les plantes subissent un d\u00e9rangement psychologique.<br \/>Le Proline et le glycine augmentent le pouvoir de p\u00e9n\u00e9tration aux phytosanitaires et aident aux engrais \u00e0 p\u00e9n\u00e9trer \u00e0 l\u2019int\u00e9rieur de la plante.<br \/>Ces acides amin\u00e9s non sont seulement un \u00e9l\u00e9ment nutritif si qui sont aussi un facteur r\u00e9gulateur de la croissance.<br \/>Les transformations de ces acides amin\u00e9s dans d\u2019autres acides amin\u00e9s et les r\u00e9actions biochimiques sont r\u00e9glement\u00e9es par les hormones et principalement par les enzymes qui jouent un r\u00f4le de catalyseurs biologiques.<br \/>Ces acides amin\u00e9s peuvent agir parce que les plantes ont des n\u00e9cessit\u00e9s sp\u00e9cifiques : dans la p\u00e9riode de croissance, dans la fleuraison, les changements environnementaux tels que des gel\u00e9es, les s\u00e9cheresses et les maladies fongiques \u00f3 virales<\/p><p>L\u2019acide glut\u00e1mique :<\/p><p>L\u2019acide glutamique est pr\u00e9curseur de la biosynth\u00e8se d\u2019autres acides amin\u00e9s.<\/p><p>Il stimule la croissance.<br \/>Il participe aux processus de r\u00e9sistance des plantes.<br \/>Elle augmente, la germination des grains de pollen d\u2019et l\u2019allongement du tube du pollen.<br \/>L\u2019arginine :<\/p><p>L\u2019arginine stimule le d\u00e9veloppement des racines.<br \/>Impliqu\u00e9e dans la synth\u00e8se de la chlorophylle.<br \/>Un effet rajeunissant des plantes.<br \/>Un pr\u00e9curseur des polyamines comme l\u2019espermina et l\u2019espermidina.<br \/>Il retarde la s\u00e9nescence.<br \/>La Proline:<\/p><p>Le proline am\u00e9liore la r\u00e9sistance du pollen aux temp\u00e9ratures extr\u00eames.<br \/>Un effet marqu\u00e9 sur la pollinisation.<br \/>Il est impliqu\u00e9 dans l\u2019activit\u00e9 des gibberellines.<br \/>Un effet important dans le d\u00e9s\u00e9quilibre hydrique.<br \/>Il favorise l\u2019ouverture des cellules stomatiques.<br \/>C\u2019est l\u2019acide amin\u00e9 principal<\/p><p>C\u2019est l\u2019acide amin\u00e9 principal de translocaci\u00f3n dans le floema.<br \/>L\u2019un des acides amin\u00e9s principaux dans le rizosfera avec acide glut\u00e1mico.<br \/>Il am\u00e9liore la solubilit\u00e9 et l\u2019absorption des nutriments.<br \/>La Glycine: Le glycine joue un papier important dans le chelant\u00e9.<br \/>Il favorise la croissance de bourgeons et de feuilles.<br \/>Un pr\u00e9curseur des groupes pyrrole (une chlorophylle).<br \/>Il participe aux syst\u00e8mes de d\u00e9fense des plantes avec l\u2019acide glutamique.<br \/>Des vitamines :\u00c0 l\u2019int\u00e9rieur de la structure d\u2019il elles plante, des vitamines et des hormones exercent des fonctions similaires dans l\u2019initiation des processus sp\u00e9cifiques de la croissance cellulaire dans les feuilles, les fleurs et les tiges.Les vitamines des plantes sont constitu\u00e9es par les mol\u00e9cules organiques qui aident \u00e0 catalyser les re\u00e9trivi\u00e8res chimiquesUne vitamine B1 (Thiamine)<br \/>Une vitamine B2 (Riboflavine)<br \/>Une vitamine B3 (Niacine)<br \/>Une vitamine B5 (l\u2019Acide pant\u00f3thenique)<br \/>Une vitamine B6 (Pyridoxine)<br \/>Une vitamine B12 (Cobalamine)<br \/>Une vitamine K (Filoquinone)<br \/>Une vitamine C (Acide ascorbique)<br \/>Il produit des plantes robustes et vigoureuses avec feuilles de bonne taille.<br \/>Il am\u00e9liore la qualit\u00e9 du pollen et le g\u00e2teau de fruits et hachis de viande sucr\u00e9 augmente.<br \/>Un allongement du tube du pollen.<br \/>Elle augmente, la production des cultures horticoles dans une serre et en plein air.<br \/>Un plus grand d\u00e9veloppement des racines.<br \/>Un plus grand nombre de poils absorbants.<br \/>Il allonge la vie productive des cultures.<br \/>Des fruits de plus grand calibre et plus homog\u00e8ne.<br \/>Desintoxicante des plantes, la s\u00e8ve circule mieux.<br \/>Un effet marqu\u00e9 un antistress (un froid, une chaleur, une s\u00e9cheresse, un vent, un manque d\u2019eau, de salinit\u00e9) avec un pouvoir puissant osmotique.<br \/>L\u2019effet sur le m\u00e9tabolisme de quelques processus cellulaires et biologiques des plantes.<\/p>\t\t\t\t\t\t<\/div>\n\t\t\t\t<\/div>\n\t\t\t\t\t<\/div>\n\t\t<\/div>\n\t\t\t\t\t\t\t<\/div>\n\t\t<\/section>\n\t\t\t\t<section class=\"elementor-section elementor-top-section elementor-element elementor-element-de0c08e elementor-section-boxed elementor-section-height-default elementor-section-height-default\" data-id=\"de0c08e\" data-element_type=\"section\">\n\t\t\t\t\t\t<div class=\"elementor-container elementor-column-gap-default\">\n\t\t\t\t\t<div class=\"elementor-column elementor-col-100 elementor-top-column elementor-element elementor-element-2ced6ca\" data-id=\"2ced6ca\" data-element_type=\"column\">\n\t\t\t<div class=\"elementor-widget-wrap elementor-element-populated\">\n\t\t\t\t\t\t\t\t<div class=\"elementor-element elementor-element-0d0572f elementor-tabs-view-horizontal elementor-widget elementor-widget-tabs\" data-id=\"0d0572f\" data-element_type=\"widget\" data-widget_type=\"tabs.default\">\n\t\t\t\t<div class=\"elementor-widget-container\">\n\t\t\t<style>\/*! elementor - v3.5.6 - 28-02-2022 *\/\n.elementor-widget-tabs.elementor-tabs-view-vertical .elementor-tabs-wrapper{width:25%;-ms-flex-negative:0;flex-shrink:0}.elementor-widget-tabs.elementor-tabs-view-vertical .elementor-tab-desktop-title.elementor-active{border-right-style:none}.elementor-widget-tabs.elementor-tabs-view-vertical .elementor-tab-desktop-title.elementor-active:after,.elementor-widget-tabs.elementor-tabs-view-vertical .elementor-tab-desktop-title.elementor-active:before{height:999em;width:0;right:0;border-right-style:solid}.elementor-widget-tabs.elementor-tabs-view-vertical .elementor-tab-desktop-title.elementor-active:before{top:0;-webkit-transform:translateY(-100%);-ms-transform:translateY(-100%);transform:translateY(-100%)}.elementor-widget-tabs.elementor-tabs-view-vertical .elementor-tab-desktop-title.elementor-active:after{top:100%}.elementor-widget-tabs.elementor-tabs-view-horizontal .elementor-tab-desktop-title{display:table-cell}.elementor-widget-tabs.elementor-tabs-view-horizontal .elementor-tab-desktop-title.elementor-active{border-bottom-style:none}.elementor-widget-tabs.elementor-tabs-view-horizontal .elementor-tab-desktop-title.elementor-active:after,.elementor-widget-tabs.elementor-tabs-view-horizontal .elementor-tab-desktop-title.elementor-active:before{bottom:0;height:0;width:999em;border-bottom-style:solid}.elementor-widget-tabs.elementor-tabs-view-horizontal .elementor-tab-desktop-title.elementor-active:before{right:100%}.elementor-widget-tabs.elementor-tabs-view-horizontal .elementor-tab-desktop-title.elementor-active:after{left:100%}.elementor-widget-tabs .elementor-tab-content,.elementor-widget-tabs .elementor-tab-title,.elementor-widget-tabs .elementor-tab-title:after,.elementor-widget-tabs .elementor-tab-title:before,.elementor-widget-tabs .elementor-tabs-content-wrapper{border:1px #d4d4d4}.elementor-widget-tabs .elementor-tabs{text-align:left}.elementor-widget-tabs .elementor-tabs-wrapper{overflow:hidden}.elementor-widget-tabs .elementor-tab-title{cursor:pointer;outline:var(--focus-outline,none)}.elementor-widget-tabs .elementor-tab-desktop-title{position:relative;padding:20px 25px;font-weight:700;line-height:1;border:solid transparent}.elementor-widget-tabs .elementor-tab-desktop-title.elementor-active{border-color:#d4d4d4}.elementor-widget-tabs .elementor-tab-desktop-title.elementor-active:after,.elementor-widget-tabs .elementor-tab-desktop-title.elementor-active:before{display:block;content:\"\";position:absolute}.elementor-widget-tabs .elementor-tab-mobile-title{padding:10px;cursor:pointer}.elementor-widget-tabs .elementor-tab-content{padding:20px;display:none}@media (max-width:767px){.elementor-tabs .elementor-tab-content,.elementor-tabs .elementor-tab-title{border-style:solid solid none}.elementor-tabs .elementor-tabs-wrapper{display:none}.elementor-tabs .elementor-tabs-content-wrapper{border-bottom-style:solid}.elementor-tabs .elementor-tab-content{padding:10px}}@media (min-width:768px){.elementor-widget-tabs.elementor-tabs-view-vertical .elementor-tabs{display:-webkit-box;display:-ms-flexbox;display:flex}.elementor-widget-tabs.elementor-tabs-view-vertical .elementor-tabs-wrapper{-webkit-box-orient:vertical;-webkit-box-direction:normal;-ms-flex-direction:column;flex-direction:column}.elementor-widget-tabs.elementor-tabs-view-vertical .elementor-tabs-content-wrapper{-webkit-box-flex:1;-ms-flex-positive:1;flex-grow:1;border-style:solid solid solid none}.elementor-widget-tabs.elementor-tabs-view-horizontal .elementor-tab-content{border-style:none solid solid}.elementor-widget-tabs.elementor-tabs-alignment-center .elementor-tabs-wrapper,.elementor-widget-tabs.elementor-tabs-alignment-end .elementor-tabs-wrapper,.elementor-widget-tabs.elementor-tabs-alignment-stretch .elementor-tabs-wrapper{display:-webkit-box;display:-ms-flexbox;display:flex}.elementor-widget-tabs.elementor-tabs-alignment-center .elementor-tabs-wrapper{-webkit-box-pack:center;-ms-flex-pack:center;justify-content:center}.elementor-widget-tabs.elementor-tabs-alignment-end .elementor-tabs-wrapper{-webkit-box-pack:end;-ms-flex-pack:end;justify-content:flex-end}.elementor-widget-tabs.elementor-tabs-alignment-stretch.elementor-tabs-view-horizontal .elementor-tab-title{width:100%}.elementor-widget-tabs.elementor-tabs-alignment-stretch.elementor-tabs-view-vertical .elementor-tab-title{height:100%}.elementor-tabs .elementor-tab-mobile-title{display:none}}<\/style>\t\t<div class=\"elementor-tabs\">\n\t\t\t<div class=\"elementor-tabs-wrapper\" role=\"tablist\" >\n\t\t\t\t\t\t\t\t\t<div id=\"elementor-tab-title-1361\" class=\"elementor-tab-title elementor-tab-desktop-title\" aria-selected=\"true\" data-tab=\"1\" role=\"tab\" tabindex=\"0\" aria-controls=\"elementor-tab-content-1361\" aria-expanded=\"false\">Description du produit<\/div>\n\t\t\t\t\t\t\t<\/div>\n\t\t\t<div class=\"elementor-tabs-content-wrapper\" role=\"tablist\" aria-orientation=\"vertical\">\n\t\t\t\t\t\t\t\t\t<div class=\"elementor-tab-title elementor-tab-mobile-title\" aria-selected=\"true\" data-tab=\"1\" role=\"tab\" tabindex=\"0\" aria-controls=\"elementor-tab-content-1361\" aria-expanded=\"false\">Description du produit<\/div>\n\t\t\t\t\t<div id=\"elementor-tab-content-1361\" class=\"elementor-tab-content elementor-clearfix\" data-tab=\"1\" role=\"tabpanel\" aria-labelledby=\"elementor-tab-title-1361\" tabindex=\"0\" hidden=\"false\"><p><strong>COMPOSANTS<\/strong>:<br \/>Potassium (K2O)<br \/>Azote (N)<br \/>Acides Amin\u00e9s: Arginine, Proline, Glycine, Acide glutamique<br \/>Micronutriments<br \/>Vitamines<br \/>Cuivre (Cu) EDTA<br \/>Fer (Fe) HEEDTA<br \/>Mangan\u00e8se (Mn) EDTA<br \/>Zinc (Zn) EDTA pH:5<\/p><p>Densit\u00e9: 1,24 g\/cm3<\/p><p><strong>DOSAGE<\/strong>:<br \/>Foliaire : 50 \u2013 100 ml \/ 100 litres d\u2019eau (du commencement v\u00e9g\u00e9tatif \u00e0 la fin de la culture, en co\u00efncidant avec les traitements phytosanitaires)<br \/>Dans un arrosage : 1 \u2013 2 litres par Ha (2-3 applications)<br \/>Pour r\u00e9cup\u00e9rer des cultures ab\u00eem\u00e9es ou avec difficult\u00e9s on peut agrandir la dose jusqu\u2019au double de la cit\u00e9e ant\u00e9rieurement.<\/p><\/div>\n\t\t\t\t\t\t\t<\/div>\n\t\t<\/div>\n\t\t\t\t<\/div>\n\t\t\t\t<\/div>\n\t\t\t\t\t<\/div>\n\t\t<\/div>\n\t\t\t\t\t\t\t<\/div>\n\t\t<\/section>\n\t\t\t\t\t\t<\/div>\n\t\t\t\t\t<\/div>\n\t\t","protected":false},"excerpt":{"rendered":"<p>Hortifol Les Acides amin\u00e9s : Le Proline joue un papier clef dans les d\u00e9s\u00e9quilibres hydriques, en particulier parce que les plantes subissent un d\u00e9rangement psychologique.Le Proline et le glycine augmentent le pouvoir de p\u00e9n\u00e9tration aux phytosanitaires et aident aux engrais \u00e0 p\u00e9n\u00e9trer \u00e0 l\u2019int\u00e9rieur de la plante.Ces acides amin\u00e9s non sont seulement un \u00e9l\u00e9ment nutritif &#8230; <a title=\"Hortifol\" class=\"read-more\" href=\"https:\/\/agrotecnica2.com\/fr\/catalogue\/produits-speciaux\/hortifol\/\" aria-label=\"Plus sur Hortifol\">Lire plus<\/a><\/p>\n","protected":false},"author":2,"featured_media":0,"parent":683,"menu_order":0,"comment_status":"closed","ping_status":"closed","template":"","meta":{"footnotes":""},"class_list":["post-902","page","type-page","status-publish"],"_links":{"self":[{"href":"https:\/\/agrotecnica2.com\/fr\/wp-json\/wp\/v2\/pages\/902","targetHints":{"allow":["GET"]}}],"collection":[{"href":"https:\/\/agrotecnica2.com\/fr\/wp-json\/wp\/v2\/pages"}],"about":[{"href":"https:\/\/agrotecnica2.com\/fr\/wp-json\/wp\/v2\/types\/page"}],"author":[{"embeddable":true,"href":"https:\/\/agrotecnica2.com\/fr\/wp-json\/wp\/v2\/users\/2"}],"replies":[{"embeddable":true,"href":"https:\/\/agrotecnica2.com\/fr\/wp-json\/wp\/v2\/comments?post=902"}],"version-history":[{"count":4,"href":"https:\/\/agrotecnica2.com\/fr\/wp-json\/wp\/v2\/pages\/902\/revisions"}],"predecessor-version":[{"id":911,"href":"https:\/\/agrotecnica2.com\/fr\/wp-json\/wp\/v2\/pages\/902\/revisions\/911"}],"up":[{"embeddable":true,"href":"https:\/\/agrotecnica2.com\/fr\/wp-json\/wp\/v2\/pages\/683"}],"wp:attachment":[{"href":"https:\/\/agrotecnica2.com\/fr\/wp-json\/wp\/v2\/media?parent=902"}],"curies":[{"name":"wp","href":"https:\/\/api.w.org\/{rel}","templated":true}]}}