{"id":683,"date":"2022-05-12T12:07:47","date_gmt":"2022-05-12T10:07:47","guid":{"rendered":"https:\/\/agrotecnica2.com\/catalogue\/productos-especiales\/"},"modified":"2022-05-12T13:25:43","modified_gmt":"2022-05-12T11:25:43","slug":"produits-speciaux","status":"publish","type":"page","link":"https:\/\/agrotecnica2.com\/fr\/catalogue\/produits-speciaux\/","title":{"rendered":"Produits speciaux"},"content":{"rendered":"\t\t<div data-elementor-type=\"wp-page\" data-elementor-id=\"683\" class=\"elementor elementor-683 elementor-679\" data-elementor-settings=\"[]\">\n\t\t\t\t\t\t\t<div class=\"elementor-section-wrap\">\n\t\t\t\t\t\t\t<section class=\"elementor-section elementor-top-section elementor-element elementor-element-3192c53 elementor-section-boxed elementor-section-height-default elementor-section-height-default\" data-id=\"3192c53\" data-element_type=\"section\">\n\t\t\t\t\t\t<div class=\"elementor-container elementor-column-gap-default\">\n\t\t\t\t\t<div class=\"elementor-column elementor-col-100 elementor-top-column elementor-element elementor-element-87be0c8\" data-id=\"87be0c8\" data-element_type=\"column\">\n\t\t\t<div class=\"elementor-widget-wrap elementor-element-populated\">\n\t\t\t\t\t\t\t\t<div class=\"elementor-element elementor-element-6c1dc5b elementor-widget elementor-widget-text-editor\" data-id=\"6c1dc5b\" data-element_type=\"widget\" data-widget_type=\"text-editor.default\">\n\t\t\t\t<div class=\"elementor-widget-container\">\n\t\t\t<style>\/*! elementor - v3.5.6 - 28-02-2022 *\/\n.elementor-widget-text-editor.elementor-drop-cap-view-stacked .elementor-drop-cap{background-color:#818a91;color:#fff}.elementor-widget-text-editor.elementor-drop-cap-view-framed .elementor-drop-cap{color:#818a91;border:3px solid;background-color:transparent}.elementor-widget-text-editor:not(.elementor-drop-cap-view-default) .elementor-drop-cap{margin-top:8px}.elementor-widget-text-editor:not(.elementor-drop-cap-view-default) .elementor-drop-cap-letter{width:1em;height:1em}.elementor-widget-text-editor .elementor-drop-cap{float:left;text-align:center;line-height:1;font-size:50px}.elementor-widget-text-editor .elementor-drop-cap-letter{display:inline-block}<\/style>\t\t\t\t<p>Les produits des engrais sp\u00e9ciaux ont \u00e9t\u00e9 dessin\u00e9s pour son application recommand\u00e9e, voie foliaire ou radiculaire, puisqu\u2019ils sont libres des substances potentiellement fito-toxics. Ils ont l\u2019habitude d\u2019\u00eatre \u00e9labor\u00e9s par des substances naturelles.<br \/>Ils sont facilement assimil\u00e9s gr\u00e2ce aux additifs sp\u00e9ciaux dans la formulation.<br \/>Ils peuvent \u00eatre m\u00eal\u00e9s par les plus communs phytosanitaires.<br \/>Certains poss\u00e8dent un effet r\u00e9gulateur du pH, les autres sont de pour am\u00e9liorer la fleuraison, pour r\u00e9ussissez, pour grossissez, pour l\u2019avance dans la maturation, pour augmenter la croissance v\u00e9g\u00e9tative, pour avancer l\u2019entr\u00e9e dans une production, pour prolonger la vie utile des cultures, etc..<\/p>\t\t\t\t\t\t<\/div>\n\t\t\t\t<\/div>\n\t\t\t\t\t<\/div>\n\t\t<\/div>\n\t\t\t\t\t\t\t<\/div>\n\t\t<\/section>\n\t\t\t\t<section class=\"elementor-section elementor-top-section elementor-element elementor-element-281d474 elementor-section-boxed elementor-section-height-default elementor-section-height-default\" data-id=\"281d474\" data-element_type=\"section\">\n\t\t\t\t\t\t<div class=\"elementor-container elementor-column-gap-default\">\n\t\t\t\t\t<div class=\"elementor-column elementor-col-25 elementor-top-column elementor-element elementor-element-e7854e5\" data-id=\"e7854e5\" data-element_type=\"column\">\n\t\t\t<div class=\"elementor-widget-wrap elementor-element-populated\">\n\t\t\t\t\t\t\t\t<div class=\"elementor-element elementor-element-ee6d164 elementor-position-top elementor-vertical-align-top elementor-widget elementor-widget-image-box\" data-id=\"ee6d164\" data-element_type=\"widget\" data-widget_type=\"image-box.default\">\n\t\t\t\t<div class=\"elementor-widget-container\">\n\t\t\t<style>\/*! elementor - v3.5.6 - 28-02-2022 *\/\n.elementor-widget-image-box .elementor-image-box-content{width:100%}@media (min-width:768px){.elementor-widget-image-box.elementor-position-left .elementor-image-box-wrapper,.elementor-widget-image-box.elementor-position-right .elementor-image-box-wrapper{display:-webkit-box;display:-ms-flexbox;display:flex}.elementor-widget-image-box.elementor-position-right .elementor-image-box-wrapper{text-align:right;-webkit-box-orient:horizontal;-webkit-box-direction:reverse;-ms-flex-direction:row-reverse;flex-direction:row-reverse}.elementor-widget-image-box.elementor-position-left .elementor-image-box-wrapper{text-align:left;-webkit-box-orient:horizontal;-webkit-box-direction:normal;-ms-flex-direction:row;flex-direction:row}.elementor-widget-image-box.elementor-position-top .elementor-image-box-img{margin:auto}.elementor-widget-image-box.elementor-vertical-align-top .elementor-image-box-wrapper{-webkit-box-align:start;-ms-flex-align:start;align-items:flex-start}.elementor-widget-image-box.elementor-vertical-align-middle .elementor-image-box-wrapper{-webkit-box-align:center;-ms-flex-align:center;align-items:center}.elementor-widget-image-box.elementor-vertical-align-bottom .elementor-image-box-wrapper{-webkit-box-align:end;-ms-flex-align:end;align-items:flex-end}}@media (max-width:767px){.elementor-widget-image-box .elementor-image-box-img{margin-left:auto!important;margin-right:auto!important;margin-bottom:15px}}.elementor-widget-image-box .elementor-image-box-img{display:inline-block}.elementor-widget-image-box .elementor-image-box-title a{color:inherit}.elementor-widget-image-box .elementor-image-box-wrapper{text-align:center}.elementor-widget-image-box .elementor-image-box-description{margin:0}<\/style><div class=\"elementor-image-box-wrapper\"><figure class=\"elementor-image-box-img\"><a href=\"https:\/\/agrotecnica2.com\/fr\/catalogue\/produits-speciaux\/cupramin\/\"><img loading=\"lazy\" decoding=\"async\" width=\"150\" height=\"150\" src=\"https:\/\/agrotecnica2.com\/wp-content\/uploads\/2022\/05\/Cupramin-150x150.jpg\" class=\"elementor-animation-grow attachment-thumbnail size-thumbnail\" alt=\"\" \/><\/a><\/figure><div class=\"elementor-image-box-content\"><h3 class=\"elementor-image-box-title\"><a href=\"https:\/\/agrotecnica2.com\/fr\/catalogue\/produits-speciaux\/cupramin\/\">Cupramin<\/a><\/h3><\/div><\/div>\t\t<\/div>\n\t\t\t\t<\/div>\n\t\t\t\t\t<\/div>\n\t\t<\/div>\n\t\t\t\t<div class=\"elementor-column elementor-col-25 elementor-top-column elementor-element elementor-element-bb77976\" data-id=\"bb77976\" data-element_type=\"column\">\n\t\t\t<div class=\"elementor-widget-wrap elementor-element-populated\">\n\t\t\t\t\t\t\t\t<div class=\"elementor-element elementor-element-39e0bc5 elementor-position-top elementor-vertical-align-top elementor-widget elementor-widget-image-box\" data-id=\"39e0bc5\" data-element_type=\"widget\" data-widget_type=\"image-box.default\">\n\t\t\t\t<div class=\"elementor-widget-container\">\n\t\t\t<div class=\"elementor-image-box-wrapper\"><figure class=\"elementor-image-box-img\"><a href=\"https:\/\/agrotecnica2.com\/fr\/catalogue\/produits-speciaux\/hortifol\/\"><img loading=\"lazy\" decoding=\"async\" width=\"150\" height=\"150\" src=\"https:\/\/agrotecnica2.com\/wp-content\/uploads\/2022\/05\/Hortifol-1-150x150.jpg\" class=\"elementor-animation-grow attachment-thumbnail size-thumbnail\" alt=\"\" \/><\/a><\/figure><div class=\"elementor-image-box-content\"><h3 class=\"elementor-image-box-title\"><a href=\"https:\/\/agrotecnica2.com\/fr\/catalogue\/produits-speciaux\/hortifol\/\">Hortifol<\/a><\/h3><\/div><\/div>\t\t<\/div>\n\t\t\t\t<\/div>\n\t\t\t\t\t<\/div>\n\t\t<\/div>\n\t\t\t\t<div class=\"elementor-column elementor-col-25 elementor-top-column elementor-element elementor-element-c4f80b2\" data-id=\"c4f80b2\" data-element_type=\"column\">\n\t\t\t<div class=\"elementor-widget-wrap\">\n\t\t\t\t\t\t\t\t\t<\/div>\n\t\t<\/div>\n\t\t\t\t<div class=\"elementor-column elementor-col-25 elementor-top-column elementor-element elementor-element-9a65e5c\" data-id=\"9a65e5c\" data-element_type=\"column\">\n\t\t\t<div class=\"elementor-widget-wrap\">\n\t\t\t\t\t\t\t\t\t<\/div>\n\t\t<\/div>\n\t\t\t\t\t\t\t<\/div>\n\t\t<\/section>\n\t\t\t\t\t\t<\/div>\n\t\t\t\t\t<\/div>\n\t\t","protected":false},"excerpt":{"rendered":"<p>Les produits des engrais sp\u00e9ciaux ont \u00e9t\u00e9 dessin\u00e9s pour son application recommand\u00e9e, voie foliaire ou radiculaire, puisqu\u2019ils sont libres des substances potentiellement fito-toxics. Ils ont l\u2019habitude d\u2019\u00eatre \u00e9labor\u00e9s par des substances naturelles.Ils sont facilement assimil\u00e9s gr\u00e2ce aux additifs sp\u00e9ciaux dans la formulation.Ils peuvent \u00eatre m\u00eal\u00e9s par les plus communs phytosanitaires.Certains poss\u00e8dent un effet r\u00e9gulateur du &#8230; <a title=\"Produits speciaux\" class=\"read-more\" href=\"https:\/\/agrotecnica2.com\/fr\/catalogue\/produits-speciaux\/\" aria-label=\"Plus sur Produits speciaux\">Lire plus<\/a><\/p>\n","protected":false},"author":2,"featured_media":0,"parent":630,"menu_order":0,"comment_status":"closed","ping_status":"closed","template":"","meta":{"footnotes":""},"class_list":["post-683","page","type-page","status-publish"],"_links":{"self":[{"href":"https:\/\/agrotecnica2.com\/fr\/wp-json\/wp\/v2\/pages\/683","targetHints":{"allow":["GET"]}}],"collection":[{"href":"https:\/\/agrotecnica2.com\/fr\/wp-json\/wp\/v2\/pages"}],"about":[{"href":"https:\/\/agrotecnica2.com\/fr\/wp-json\/wp\/v2\/types\/page"}],"author":[{"embeddable":true,"href":"https:\/\/agrotecnica2.com\/fr\/wp-json\/wp\/v2\/users\/2"}],"replies":[{"embeddable":true,"href":"https:\/\/agrotecnica2.com\/fr\/wp-json\/wp\/v2\/comments?post=683"}],"version-history":[{"count":5,"href":"https:\/\/agrotecnica2.com\/fr\/wp-json\/wp\/v2\/pages\/683\/revisions"}],"predecessor-version":[{"id":1004,"href":"https:\/\/agrotecnica2.com\/fr\/wp-json\/wp\/v2\/pages\/683\/revisions\/1004"}],"up":[{"embeddable":true,"href":"https:\/\/agrotecnica2.com\/fr\/wp-json\/wp\/v2\/pages\/630"}],"wp:attachment":[{"href":"https:\/\/agrotecnica2.com\/fr\/wp-json\/wp\/v2\/media?parent=683"}],"curies":[{"name":"wp","href":"https:\/\/api.w.org\/{rel}","templated":true}]}}