{"id":674,"date":"2022-05-12T12:06:35","date_gmt":"2022-05-12T10:06:35","guid":{"rendered":"https:\/\/agrotecnica2.com\/catalogue\/bioestimulantes\/"},"modified":"2022-05-12T13:23:14","modified_gmt":"2022-05-12T11:23:14","slug":"bioestimulants","status":"publish","type":"page","link":"https:\/\/agrotecnica2.com\/fr\/catalogue\/bioestimulants\/","title":{"rendered":"Bioestimulants"},"content":{"rendered":"\t\t<div data-elementor-type=\"wp-page\" data-elementor-id=\"674\" class=\"elementor elementor-674 elementor-670\" data-elementor-settings=\"[]\">\n\t\t\t\t\t\t\t<div class=\"elementor-section-wrap\">\n\t\t\t\t\t\t\t<section class=\"elementor-section elementor-top-section elementor-element elementor-element-fc06775 elementor-section-boxed elementor-section-height-default elementor-section-height-default\" data-id=\"fc06775\" data-element_type=\"section\">\n\t\t\t\t\t\t<div class=\"elementor-container elementor-column-gap-default\">\n\t\t\t\t\t<div class=\"elementor-column elementor-col-100 elementor-top-column elementor-element elementor-element-d35ed2c\" data-id=\"d35ed2c\" data-element_type=\"column\">\n\t\t\t<div class=\"elementor-widget-wrap elementor-element-populated\">\n\t\t\t\t\t\t\t\t<div class=\"elementor-element elementor-element-e80f578 elementor-widget elementor-widget-text-editor\" data-id=\"e80f578\" data-element_type=\"widget\" data-widget_type=\"text-editor.default\">\n\t\t\t\t<div class=\"elementor-widget-container\">\n\t\t\t<style>\/*! elementor - v3.5.6 - 28-02-2022 *\/\n.elementor-widget-text-editor.elementor-drop-cap-view-stacked .elementor-drop-cap{background-color:#818a91;color:#fff}.elementor-widget-text-editor.elementor-drop-cap-view-framed .elementor-drop-cap{color:#818a91;border:3px solid;background-color:transparent}.elementor-widget-text-editor:not(.elementor-drop-cap-view-default) .elementor-drop-cap{margin-top:8px}.elementor-widget-text-editor:not(.elementor-drop-cap-view-default) .elementor-drop-cap-letter{width:1em;height:1em}.elementor-widget-text-editor .elementor-drop-cap{float:left;text-align:center;line-height:1;font-size:50px}.elementor-widget-text-editor .elementor-drop-cap-letter{display:inline-block}<\/style>\t\t\t\t<p>Un biostimulant est n\u2019importe quelle substance ou micro-organisme qui, apr\u00e8s s\u2019\u00eatre appliqu\u00e9 aux plantes, est capable d\u2019am\u00e9liorer l\u2019efficacit\u00e9 de celles-ci dans l\u2019absorption et l\u2019assimilation de nutriments, une tol\u00e9rance \u00e0 un stress biotique ou abiotique ou d\u2019am\u00e9liorer une de ses caract\u00e9ristiques agronomiques, ind\u00e9pendamment du contenu dans des nutriments de la substance.<br \/>Les biostimulants agricoles agissent sur la physiologie de la plante de diff\u00e9rentes formes et par diff\u00e9rentes voies pour am\u00e9liorer la vigueur de la culture, du rendement et la qualit\u00e9 de la r\u00e9colte.<br \/>Ce sont des produits d\u2019origines vari\u00e9es, sans des d\u00e9chets et des assurances, de plus en plus utilis\u00e9es dans une grande vari\u00e9t\u00e9 de cultures.<\/p>\t\t\t\t\t\t<\/div>\n\t\t\t\t<\/div>\n\t\t\t\t\t<\/div>\n\t\t<\/div>\n\t\t\t\t\t\t\t<\/div>\n\t\t<\/section>\n\t\t\t\t<section class=\"elementor-section elementor-top-section elementor-element elementor-element-95f92ca elementor-section-boxed elementor-section-height-default elementor-section-height-default\" data-id=\"95f92ca\" data-element_type=\"section\">\n\t\t\t\t\t\t<div class=\"elementor-container elementor-column-gap-default\">\n\t\t\t\t\t<div class=\"elementor-column elementor-col-25 elementor-top-column elementor-element elementor-element-e49656b\" data-id=\"e49656b\" data-element_type=\"column\">\n\t\t\t<div class=\"elementor-widget-wrap elementor-element-populated\">\n\t\t\t\t\t\t\t\t<div class=\"elementor-element elementor-element-5456124 elementor-position-top elementor-vertical-align-top elementor-widget elementor-widget-image-box\" data-id=\"5456124\" data-element_type=\"widget\" data-widget_type=\"image-box.default\">\n\t\t\t\t<div class=\"elementor-widget-container\">\n\t\t\t<style>\/*! elementor - v3.5.6 - 28-02-2022 *\/\n.elementor-widget-image-box .elementor-image-box-content{width:100%}@media (min-width:768px){.elementor-widget-image-box.elementor-position-left .elementor-image-box-wrapper,.elementor-widget-image-box.elementor-position-right .elementor-image-box-wrapper{display:-webkit-box;display:-ms-flexbox;display:flex}.elementor-widget-image-box.elementor-position-right .elementor-image-box-wrapper{text-align:right;-webkit-box-orient:horizontal;-webkit-box-direction:reverse;-ms-flex-direction:row-reverse;flex-direction:row-reverse}.elementor-widget-image-box.elementor-position-left .elementor-image-box-wrapper{text-align:left;-webkit-box-orient:horizontal;-webkit-box-direction:normal;-ms-flex-direction:row;flex-direction:row}.elementor-widget-image-box.elementor-position-top .elementor-image-box-img{margin:auto}.elementor-widget-image-box.elementor-vertical-align-top .elementor-image-box-wrapper{-webkit-box-align:start;-ms-flex-align:start;align-items:flex-start}.elementor-widget-image-box.elementor-vertical-align-middle .elementor-image-box-wrapper{-webkit-box-align:center;-ms-flex-align:center;align-items:center}.elementor-widget-image-box.elementor-vertical-align-bottom .elementor-image-box-wrapper{-webkit-box-align:end;-ms-flex-align:end;align-items:flex-end}}@media (max-width:767px){.elementor-widget-image-box .elementor-image-box-img{margin-left:auto!important;margin-right:auto!important;margin-bottom:15px}}.elementor-widget-image-box .elementor-image-box-img{display:inline-block}.elementor-widget-image-box .elementor-image-box-title a{color:inherit}.elementor-widget-image-box .elementor-image-box-wrapper{text-align:center}.elementor-widget-image-box .elementor-image-box-description{margin:0}<\/style><div class=\"elementor-image-box-wrapper\"><figure class=\"elementor-image-box-img\"><a href=\"https:\/\/agrotecnica2.com\/fr\/catalogue\/bioestimulants\/prestige\/\"><img loading=\"lazy\" decoding=\"async\" width=\"150\" height=\"150\" src=\"https:\/\/agrotecnica2.com\/wp-content\/uploads\/2022\/05\/Prestige-150x150.jpg\" class=\"elementor-animation-grow attachment-thumbnail size-thumbnail\" alt=\"\" \/><\/a><\/figure><div class=\"elementor-image-box-content\"><h3 class=\"elementor-image-box-title\"><a href=\"https:\/\/agrotecnica2.com\/fr\/catalogue\/bioestimulants\/prestige\/\">Prestige<\/a><\/h3><\/div><\/div>\t\t<\/div>\n\t\t\t\t<\/div>\n\t\t\t\t\t<\/div>\n\t\t<\/div>\n\t\t\t\t<div class=\"elementor-column elementor-col-25 elementor-top-column elementor-element elementor-element-79903f9\" data-id=\"79903f9\" data-element_type=\"column\">\n\t\t\t<div class=\"elementor-widget-wrap\">\n\t\t\t\t\t\t\t\t\t<\/div>\n\t\t<\/div>\n\t\t\t\t<div class=\"elementor-column elementor-col-25 elementor-top-column elementor-element elementor-element-1532067\" data-id=\"1532067\" data-element_type=\"column\">\n\t\t\t<div class=\"elementor-widget-wrap\">\n\t\t\t\t\t\t\t\t\t<\/div>\n\t\t<\/div>\n\t\t\t\t<div class=\"elementor-column elementor-col-25 elementor-top-column elementor-element elementor-element-12f6bcf\" data-id=\"12f6bcf\" data-element_type=\"column\">\n\t\t\t<div class=\"elementor-widget-wrap\">\n\t\t\t\t\t\t\t\t\t<\/div>\n\t\t<\/div>\n\t\t\t\t\t\t\t<\/div>\n\t\t<\/section>\n\t\t\t\t\t\t<\/div>\n\t\t\t\t\t<\/div>\n\t\t","protected":false},"excerpt":{"rendered":"<p>Un biostimulant est n\u2019importe quelle substance ou micro-organisme qui, apr\u00e8s s\u2019\u00eatre appliqu\u00e9 aux plantes, est capable d\u2019am\u00e9liorer l\u2019efficacit\u00e9 de celles-ci dans l\u2019absorption et l\u2019assimilation de nutriments, une tol\u00e9rance \u00e0 un stress biotique ou abiotique ou d\u2019am\u00e9liorer une de ses caract\u00e9ristiques agronomiques, ind\u00e9pendamment du contenu dans des nutriments de la substance.Les biostimulants agricoles agissent sur la &#8230; <a title=\"Bioestimulants\" class=\"read-more\" href=\"https:\/\/agrotecnica2.com\/fr\/catalogue\/bioestimulants\/\" aria-label=\"Plus sur Bioestimulants\">Lire plus<\/a><\/p>\n","protected":false},"author":2,"featured_media":0,"parent":630,"menu_order":0,"comment_status":"closed","ping_status":"closed","template":"","meta":{"footnotes":""},"class_list":["post-674","page","type-page","status-publish"],"_links":{"self":[{"href":"https:\/\/agrotecnica2.com\/fr\/wp-json\/wp\/v2\/pages\/674","targetHints":{"allow":["GET"]}}],"collection":[{"href":"https:\/\/agrotecnica2.com\/fr\/wp-json\/wp\/v2\/pages"}],"about":[{"href":"https:\/\/agrotecnica2.com\/fr\/wp-json\/wp\/v2\/types\/page"}],"author":[{"embeddable":true,"href":"https:\/\/agrotecnica2.com\/fr\/wp-json\/wp\/v2\/users\/2"}],"replies":[{"embeddable":true,"href":"https:\/\/agrotecnica2.com\/fr\/wp-json\/wp\/v2\/comments?post=674"}],"version-history":[{"count":6,"href":"https:\/\/agrotecnica2.com\/fr\/wp-json\/wp\/v2\/pages\/674\/revisions"}],"predecessor-version":[{"id":990,"href":"https:\/\/agrotecnica2.com\/fr\/wp-json\/wp\/v2\/pages\/674\/revisions\/990"}],"up":[{"embeddable":true,"href":"https:\/\/agrotecnica2.com\/fr\/wp-json\/wp\/v2\/pages\/630"}],"wp:attachment":[{"href":"https:\/\/agrotecnica2.com\/fr\/wp-json\/wp\/v2\/media?parent=674"}],"curies":[{"name":"wp","href":"https:\/\/api.w.org\/{rel}","templated":true}]}}