{"id":664,"date":"2022-05-12T12:05:23","date_gmt":"2022-05-12T10:05:23","guid":{"rendered":"https:\/\/agrotecnica2.com\/catalogue\/aminoacidos\/"},"modified":"2022-05-12T13:20:56","modified_gmt":"2022-05-12T11:20:56","slug":"acides-aminees","status":"publish","type":"page","link":"https:\/\/agrotecnica2.com\/fr\/catalogue\/acides-aminees\/","title":{"rendered":"Acides Amin\u00e9es"},"content":{"rendered":"\t\t<div data-elementor-type=\"wp-page\" data-elementor-id=\"664\" class=\"elementor elementor-664 elementor-660\" data-elementor-settings=\"[]\">\n\t\t\t\t\t\t\t<div class=\"elementor-section-wrap\">\n\t\t\t\t\t\t\t<section class=\"elementor-section elementor-top-section elementor-element elementor-element-c0eb2e2 elementor-section-boxed elementor-section-height-default elementor-section-height-default\" data-id=\"c0eb2e2\" data-element_type=\"section\">\n\t\t\t\t\t\t<div class=\"elementor-container elementor-column-gap-default\">\n\t\t\t\t\t<div class=\"elementor-column elementor-col-100 elementor-top-column elementor-element elementor-element-d010171\" data-id=\"d010171\" data-element_type=\"column\">\n\t\t\t<div class=\"elementor-widget-wrap elementor-element-populated\">\n\t\t\t\t\t\t\t\t<div class=\"elementor-element elementor-element-162bb60 elementor-widget elementor-widget-text-editor\" data-id=\"162bb60\" data-element_type=\"widget\" data-widget_type=\"text-editor.default\">\n\t\t\t\t<div class=\"elementor-widget-container\">\n\t\t\t<style>\/*! elementor - v3.5.6 - 28-02-2022 *\/\n.elementor-widget-text-editor.elementor-drop-cap-view-stacked .elementor-drop-cap{background-color:#818a91;color:#fff}.elementor-widget-text-editor.elementor-drop-cap-view-framed .elementor-drop-cap{color:#818a91;border:3px solid;background-color:transparent}.elementor-widget-text-editor:not(.elementor-drop-cap-view-default) .elementor-drop-cap{margin-top:8px}.elementor-widget-text-editor:not(.elementor-drop-cap-view-default) .elementor-drop-cap-letter{width:1em;height:1em}.elementor-widget-text-editor .elementor-drop-cap{float:left;text-align:center;line-height:1;font-size:50px}.elementor-widget-text-editor .elementor-drop-cap-letter{display:inline-block}<\/style>\t\t\t\t<p>L\u2019action des acides amin\u00e9s sur l\u2019organisme v\u00e9g\u00e9tal s\u2019est toujours concentr\u00e9e sur son action pour ont aid\u00e9 \u00e0 les surpasser des situations de stress et des situations de grande activit\u00e9 m\u00e9tabolique comme celles qui se produisent dans les phases de germination, une fleuraison, une fructification, etc.<br \/>Des r\u00e9ponses existent, v\u00e9rifi\u00e9es des v\u00e9g\u00e9taux \u00e0 l\u2019application d\u2019acides amin\u00e9s. Les r\u00e9ponses des v\u00e9g\u00e9taux ne d\u00e9rivent pas seulement de la charge alimentaire qu\u2019ils apportent mais ils impliquent l\u2019existence d\u2019une action collaboratrice dans la r\u00e9gulation du m\u00e9tabolisme et de la croissance.<br \/>Une stimulation de la fleuraison. Des am\u00e9liorations du g\u00e2teau de fruits et hachis de viande sucr\u00e9. Une meilleure relation de sucre et d\u2019acidit\u00e9 \u00e0 la plante (un degr\u00e9s Brix).<br \/>Une pr\u00e9cocit\u00e9. Il va mieux dans la taille et la coloration (une maturation) du fruit. L\u2019absorption de nutriments augmente.<br \/>Il favorise la production de phytohormones. Des am\u00e9liorations des propri\u00e9t\u00e9s du sol.<br \/>Il stimule la r\u00e9sistance et le d\u00e9passement des plantes devant des situations de stress.<\/p>\t\t\t\t\t\t<\/div>\n\t\t\t\t<\/div>\n\t\t\t\t\t<\/div>\n\t\t<\/div>\n\t\t\t\t\t\t\t<\/div>\n\t\t<\/section>\n\t\t\t\t<section class=\"elementor-section elementor-top-section elementor-element elementor-element-7d07c3e elementor-section-boxed elementor-section-height-default elementor-section-height-default\" data-id=\"7d07c3e\" data-element_type=\"section\">\n\t\t\t\t\t\t<div class=\"elementor-container elementor-column-gap-default\">\n\t\t\t\t\t<div class=\"elementor-column elementor-col-25 elementor-top-column elementor-element elementor-element-a993a09\" data-id=\"a993a09\" data-element_type=\"column\">\n\t\t\t<div class=\"elementor-widget-wrap elementor-element-populated\">\n\t\t\t\t\t\t\t\t<div class=\"elementor-element elementor-element-2f6c59f elementor-position-top elementor-vertical-align-top elementor-widget elementor-widget-image-box\" data-id=\"2f6c59f\" data-element_type=\"widget\" data-widget_type=\"image-box.default\">\n\t\t\t\t<div class=\"elementor-widget-container\">\n\t\t\t<style>\/*! elementor - v3.5.6 - 28-02-2022 *\/\n.elementor-widget-image-box .elementor-image-box-content{width:100%}@media (min-width:768px){.elementor-widget-image-box.elementor-position-left .elementor-image-box-wrapper,.elementor-widget-image-box.elementor-position-right .elementor-image-box-wrapper{display:-webkit-box;display:-ms-flexbox;display:flex}.elementor-widget-image-box.elementor-position-right .elementor-image-box-wrapper{text-align:right;-webkit-box-orient:horizontal;-webkit-box-direction:reverse;-ms-flex-direction:row-reverse;flex-direction:row-reverse}.elementor-widget-image-box.elementor-position-left .elementor-image-box-wrapper{text-align:left;-webkit-box-orient:horizontal;-webkit-box-direction:normal;-ms-flex-direction:row;flex-direction:row}.elementor-widget-image-box.elementor-position-top .elementor-image-box-img{margin:auto}.elementor-widget-image-box.elementor-vertical-align-top .elementor-image-box-wrapper{-webkit-box-align:start;-ms-flex-align:start;align-items:flex-start}.elementor-widget-image-box.elementor-vertical-align-middle .elementor-image-box-wrapper{-webkit-box-align:center;-ms-flex-align:center;align-items:center}.elementor-widget-image-box.elementor-vertical-align-bottom .elementor-image-box-wrapper{-webkit-box-align:end;-ms-flex-align:end;align-items:flex-end}}@media (max-width:767px){.elementor-widget-image-box .elementor-image-box-img{margin-left:auto!important;margin-right:auto!important;margin-bottom:15px}}.elementor-widget-image-box .elementor-image-box-img{display:inline-block}.elementor-widget-image-box .elementor-image-box-title a{color:inherit}.elementor-widget-image-box .elementor-image-box-wrapper{text-align:center}.elementor-widget-image-box .elementor-image-box-description{margin:0}<\/style><div class=\"elementor-image-box-wrapper\"><figure class=\"elementor-image-box-img\"><a href=\"https:\/\/agrotecnica2.com\/fr\/catalogue\/acides-aminees\/ecostim\/\"><img loading=\"lazy\" decoding=\"async\" width=\"150\" height=\"150\" src=\"https:\/\/agrotecnica2.com\/wp-content\/uploads\/2022\/05\/Ecostim-1-150x150.jpg\" class=\"elementor-animation-grow attachment-thumbnail size-thumbnail\" alt=\"\" \/><\/a><\/figure><div class=\"elementor-image-box-content\"><h3 class=\"elementor-image-box-title\"><a href=\"https:\/\/agrotecnica2.com\/fr\/catalogue\/acides-aminees\/ecostim\/\">Ecostim<\/a><\/h3><\/div><\/div>\t\t<\/div>\n\t\t\t\t<\/div>\n\t\t\t\t\t<\/div>\n\t\t<\/div>\n\t\t\t\t<div class=\"elementor-column elementor-col-25 elementor-top-column elementor-element elementor-element-94839c2\" data-id=\"94839c2\" data-element_type=\"column\">\n\t\t\t<div class=\"elementor-widget-wrap elementor-element-populated\">\n\t\t\t\t\t\t\t\t<div class=\"elementor-element elementor-element-8aa6028 elementor-position-top elementor-vertical-align-top elementor-widget elementor-widget-image-box\" data-id=\"8aa6028\" data-element_type=\"widget\" data-widget_type=\"image-box.default\">\n\t\t\t\t<div class=\"elementor-widget-container\">\n\t\t\t<div class=\"elementor-image-box-wrapper\"><figure class=\"elementor-image-box-img\"><a href=\"https:\/\/agrotecnica2.com\/fr\/catalogue\/acides-aminees\/tryton\/\"><img loading=\"lazy\" decoding=\"async\" width=\"150\" height=\"150\" src=\"https:\/\/agrotecnica2.com\/wp-content\/uploads\/2022\/05\/Tryton-1-150x150.jpg\" class=\"elementor-animation-grow attachment-thumbnail size-thumbnail\" alt=\"\" \/><\/a><\/figure><div class=\"elementor-image-box-content\"><h3 class=\"elementor-image-box-title\"><a href=\"https:\/\/agrotecnica2.com\/fr\/catalogue\/acides-aminees\/tryton\/\">Tryton<\/a><\/h3><\/div><\/div>\t\t<\/div>\n\t\t\t\t<\/div>\n\t\t\t\t\t<\/div>\n\t\t<\/div>\n\t\t\t\t<div class=\"elementor-column elementor-col-25 elementor-top-column elementor-element elementor-element-2ca2dd2\" data-id=\"2ca2dd2\" data-element_type=\"column\">\n\t\t\t<div class=\"elementor-widget-wrap\">\n\t\t\t\t\t\t\t\t\t<\/div>\n\t\t<\/div>\n\t\t\t\t<div class=\"elementor-column elementor-col-25 elementor-top-column elementor-element elementor-element-500b61d\" data-id=\"500b61d\" data-element_type=\"column\">\n\t\t\t<div class=\"elementor-widget-wrap\">\n\t\t\t\t\t\t\t\t\t<\/div>\n\t\t<\/div>\n\t\t\t\t\t\t\t<\/div>\n\t\t<\/section>\n\t\t\t\t\t\t<\/div>\n\t\t\t\t\t<\/div>\n\t\t","protected":false},"excerpt":{"rendered":"<p>L\u2019action des acides amin\u00e9s sur l\u2019organisme v\u00e9g\u00e9tal s\u2019est toujours concentr\u00e9e sur son action pour ont aid\u00e9 \u00e0 les surpasser des situations de stress et des situations de grande activit\u00e9 m\u00e9tabolique comme celles qui se produisent dans les phases de germination, une fleuraison, une fructification, etc.Des r\u00e9ponses existent, v\u00e9rifi\u00e9es des v\u00e9g\u00e9taux \u00e0 l\u2019application d\u2019acides amin\u00e9s. Les &#8230; <a title=\"Acides Amin\u00e9es\" class=\"read-more\" href=\"https:\/\/agrotecnica2.com\/fr\/catalogue\/acides-aminees\/\" aria-label=\"Plus sur Acides Amin\u00e9es\">Lire plus<\/a><\/p>\n","protected":false},"author":2,"featured_media":0,"parent":630,"menu_order":0,"comment_status":"closed","ping_status":"closed","template":"","meta":{"footnotes":""},"class_list":["post-664","page","type-page","status-publish"],"_links":{"self":[{"href":"https:\/\/agrotecnica2.com\/fr\/wp-json\/wp\/v2\/pages\/664","targetHints":{"allow":["GET"]}}],"collection":[{"href":"https:\/\/agrotecnica2.com\/fr\/wp-json\/wp\/v2\/pages"}],"about":[{"href":"https:\/\/agrotecnica2.com\/fr\/wp-json\/wp\/v2\/types\/page"}],"author":[{"embeddable":true,"href":"https:\/\/agrotecnica2.com\/fr\/wp-json\/wp\/v2\/users\/2"}],"replies":[{"embeddable":true,"href":"https:\/\/agrotecnica2.com\/fr\/wp-json\/wp\/v2\/comments?post=664"}],"version-history":[{"count":5,"href":"https:\/\/agrotecnica2.com\/fr\/wp-json\/wp\/v2\/pages\/664\/revisions"}],"predecessor-version":[{"id":979,"href":"https:\/\/agrotecnica2.com\/fr\/wp-json\/wp\/v2\/pages\/664\/revisions\/979"}],"up":[{"embeddable":true,"href":"https:\/\/agrotecnica2.com\/fr\/wp-json\/wp\/v2\/pages\/630"}],"wp:attachment":[{"href":"https:\/\/agrotecnica2.com\/fr\/wp-json\/wp\/v2\/media?parent=664"}],"curies":[{"name":"wp","href":"https:\/\/api.w.org\/{rel}","templated":true}]}}