{"id":462,"date":"2022-05-10T19:05:51","date_gmt":"2022-05-10T17:05:51","guid":{"rendered":"https:\/\/agrotecnica2.com\/quienes-somos\/"},"modified":"2022-05-11T21:40:14","modified_gmt":"2022-05-11T19:40:14","slug":"qui-sommes-nous","status":"publish","type":"page","link":"https:\/\/agrotecnica2.com\/fr\/qui-sommes-nous\/","title":{"rendered":"Qui sommes nous?"},"content":{"rendered":"\t\t<div data-elementor-type=\"wp-page\" data-elementor-id=\"462\" class=\"elementor elementor-462 elementor-203\" data-elementor-settings=\"[]\">\n\t\t\t\t\t\t\t<div class=\"elementor-section-wrap\">\n\t\t\t\t\t\t\t<section class=\"elementor-section elementor-top-section elementor-element elementor-element-5b38ef0 elementor-section-boxed elementor-section-height-default elementor-section-height-default\" data-id=\"5b38ef0\" data-element_type=\"section\">\n\t\t\t\t\t\t<div class=\"elementor-container elementor-column-gap-default\">\n\t\t\t\t\t<div class=\"elementor-column elementor-col-100 elementor-top-column elementor-element elementor-element-12782e2\" data-id=\"12782e2\" data-element_type=\"column\">\n\t\t\t<div class=\"elementor-widget-wrap elementor-element-populated\">\n\t\t\t\t\t\t\t\t<div class=\"elementor-element elementor-element-fa7456f elementor-widget elementor-widget-text-editor\" data-id=\"fa7456f\" data-element_type=\"widget\" data-widget_type=\"text-editor.default\">\n\t\t\t\t<div class=\"elementor-widget-container\">\n\t\t\t<style>\/*! elementor - v3.5.6 - 28-02-2022 *\/\n.elementor-widget-text-editor.elementor-drop-cap-view-stacked .elementor-drop-cap{background-color:#818a91;color:#fff}.elementor-widget-text-editor.elementor-drop-cap-view-framed .elementor-drop-cap{color:#818a91;border:3px solid;background-color:transparent}.elementor-widget-text-editor:not(.elementor-drop-cap-view-default) .elementor-drop-cap{margin-top:8px}.elementor-widget-text-editor:not(.elementor-drop-cap-view-default) .elementor-drop-cap-letter{width:1em;height:1em}.elementor-widget-text-editor .elementor-drop-cap{float:left;text-align:center;line-height:1;font-size:50px}.elementor-widget-text-editor .elementor-drop-cap-letter{display:inline-block}<\/style>\t\t\t\t<h2>Qui sommes nous?<\/h2>\t\t\t\t\t\t<\/div>\n\t\t\t\t<\/div>\n\t\t\t\t<div class=\"elementor-element elementor-element-1482cf5 elementor-widget elementor-widget-text-editor\" data-id=\"1482cf5\" data-element_type=\"widget\" data-widget_type=\"text-editor.default\">\n\t\t\t\t<div class=\"elementor-widget-container\">\n\t\t\t\t\t\t\t<p><img loading=\"lazy\" decoding=\"async\" class=\"wp-image-545 size-medium alignleft\" src=\"https:\/\/agrotecnica2.com\/wp-content\/uploads\/2022\/05\/BIOESTIMULANTE9-300x183.jpg\" alt=\"\" width=\"300\" height=\"183\" srcset=\"https:\/\/agrotecnica2.com\/wp-content\/uploads\/2022\/05\/BIOESTIMULANTE9-300x183.jpg 300w, https:\/\/agrotecnica2.com\/wp-content\/uploads\/2022\/05\/BIOESTIMULANTE9.jpg 340w\" sizes=\"auto, (max-width: 300px) 100vw, 300px\" \/><\/p><p>Une entreprise jeune et dynamique qui consid\u00e8re la cr\u00e9ation d&rsquo;Engrais Sp\u00e9ciaux de qualit\u00e9 comme le fondement de l&rsquo;avenir de l&rsquo;Agriculture Durable. Notre entreprise compte d\u00e9j\u00e0 de nombreux clients fid\u00e8les et nous esp\u00e9rons qu&rsquo;il y en aura beaucoup d&rsquo;autres \u00e0 l&rsquo;avenir.<\/p><p>Nos projets imm\u00e9diats : expansion de notre section d&rsquo;engrais en poudre d\u00e9di\u00e9e aux machines d&#8217;emballage et aux \u00e9l\u00e9ments accessoires les plus complets ; incorporation de nouvelles machines d&rsquo;actualit\u00e9 enrag\u00e9e dans notre section d&rsquo;engrais liquides; l&rsquo;agrandissement de nos installations de base; cr\u00e9ation d&rsquo;un forum de documentation et de consultation; et bien d&rsquo;autres, toujours au service de nos clients.<\/p>\t\t\t\t\t\t<\/div>\n\t\t\t\t<\/div>\n\t\t\t\t\t<\/div>\n\t\t<\/div>\n\t\t\t\t\t\t\t<\/div>\n\t\t<\/section>\n\t\t\t\t\t\t<\/div>\n\t\t\t\t\t<\/div>\n\t\t","protected":false},"excerpt":{"rendered":"<p>Qui sommes nous? Une entreprise jeune et dynamique qui consid\u00e8re la cr\u00e9ation d&rsquo;Engrais Sp\u00e9ciaux de qualit\u00e9 comme le fondement de l&rsquo;avenir de l&rsquo;Agriculture Durable. Notre entreprise compte d\u00e9j\u00e0 de nombreux clients fid\u00e8les et nous esp\u00e9rons qu&rsquo;il y en aura beaucoup d&rsquo;autres \u00e0 l&rsquo;avenir. Nos projets imm\u00e9diats : expansion de notre section d&rsquo;engrais en poudre d\u00e9di\u00e9e &#8230; <a title=\"Qui sommes nous?\" class=\"read-more\" href=\"https:\/\/agrotecnica2.com\/fr\/qui-sommes-nous\/\" aria-label=\"Plus sur Qui sommes nous?\">Lire plus<\/a><\/p>\n","protected":false},"author":2,"featured_media":0,"parent":0,"menu_order":0,"comment_status":"closed","ping_status":"closed","template":"elementor_header_footer","meta":{"footnotes":""},"class_list":["post-462","page","type-page","status-publish"],"_links":{"self":[{"href":"https:\/\/agrotecnica2.com\/fr\/wp-json\/wp\/v2\/pages\/462","targetHints":{"allow":["GET"]}}],"collection":[{"href":"https:\/\/agrotecnica2.com\/fr\/wp-json\/wp\/v2\/pages"}],"about":[{"href":"https:\/\/agrotecnica2.com\/fr\/wp-json\/wp\/v2\/types\/page"}],"author":[{"embeddable":true,"href":"https:\/\/agrotecnica2.com\/fr\/wp-json\/wp\/v2\/users\/2"}],"replies":[{"embeddable":true,"href":"https:\/\/agrotecnica2.com\/fr\/wp-json\/wp\/v2\/comments?post=462"}],"version-history":[{"count":9,"href":"https:\/\/agrotecnica2.com\/fr\/wp-json\/wp\/v2\/pages\/462\/revisions"}],"predecessor-version":[{"id":616,"href":"https:\/\/agrotecnica2.com\/fr\/wp-json\/wp\/v2\/pages\/462\/revisions\/616"}],"wp:attachment":[{"href":"https:\/\/agrotecnica2.com\/fr\/wp-json\/wp\/v2\/media?parent=462"}],"curies":[{"name":"wp","href":"https:\/\/api.w.org\/{rel}","templated":true}]}}