{"id":432,"date":"2022-05-11T13:21:33","date_gmt":"2022-05-11T11:21:33","guid":{"rendered":"https:\/\/agrotecnica2.com\/politica-de-cookies\/"},"modified":"2022-05-11T15:45:16","modified_gmt":"2022-05-11T13:45:16","slug":"politique-de-cookies","status":"publish","type":"page","link":"https:\/\/agrotecnica2.com\/fr\/politique-de-cookies\/","title":{"rendered":"Politique de cookies"},"content":{"rendered":"<h2>POLITIQUE DE COOKIES<\/h2>\n<p>Sur le site Web https:\/\/agrotecnica2.com (ci-apr\u00e8s, le site Web), nous utilisons des cookies pour faciliter la relation des visiteurs avec notre contenu et pour nous permettre d&rsquo;\u00e9tablir des statistiques sur les visiteurs que nous recevons.<\/p>\n<p>Nous vous informons que nous pouvons utiliser des cookies afin de faciliter votre navigation sur le Site, de vous distinguer des autres utilisateurs, de vous offrir une meilleure exp\u00e9rience d&rsquo;utilisation et d&rsquo;identifier les probl\u00e8mes pour am\u00e9liorer notre Site.<\/p>\n<p><strong>Que sont les cookies ?<\/strong><br \/>\nLes cookies sont de petits fichiers qui sont enregistr\u00e9s dans le navigateur utilis\u00e9 par chaque visiteur de notre site Web afin que le serveur puisse se souvenir de la visite de cet utilisateur plus tard lorsqu&rsquo;il acc\u00e8de \u00e0 nouveau \u00e0 notre contenu. Ces informations ne r\u00e9v\u00e8lent pas votre identit\u00e9, ni aucune donn\u00e9e personnelle, ni n&rsquo;acc\u00e8dent au contenu stock\u00e9 sur votre PC, mais elles permettent \u00e0 notre syst\u00e8me de vous identifier en tant qu&rsquo;utilisateur sp\u00e9cifique qui a d\u00e9j\u00e0 visit\u00e9 le site Web, consult\u00e9 certaines pages, etc. et vous permet \u00e9galement de sauvegarder vos pr\u00e9f\u00e9rences personnelles et des informations techniques.<\/p>\n<p>Conform\u00e9ment \u00e0 la directive 2009\/136\/CE, d\u00e9velopp\u00e9e dans notre syst\u00e8me juridique par la deuxi\u00e8me section de l&rsquo;article 22 de la LSSI, en suivant les directives de l&rsquo;AEPD, nous proc\u00e9dons \u00e0 vous informer en d\u00e9tail sur l&rsquo;utilisation faite de notre site Web.<\/p>\n<p>Ensuite, une classification des cookies est effectu\u00e9e sur la base d&rsquo;une s\u00e9rie de cat\u00e9gories. Cependant, il faut tenir compte du fait qu&rsquo;un m\u00eame cookie peut \u00eatre inclus dans plusieurs cat\u00e9gories.<\/p>\n<p><strong>Types de cookies selon l&rsquo;entit\u00e9 qui les g\u00e8re<\/strong><\/p>\n<ul>\n<li>Cookies propres : Ce sont ceux qui sont envoy\u00e9s \u00e0 l&rsquo;\u00e9quipement terminal de l&rsquo;utilisateur \u00e0 partir d&rsquo;un ordinateur ou d&rsquo;un domaine g\u00e9r\u00e9 par l&rsquo;\u00e9diteur lui-m\u00eame.<\/li>\n<li>Cookies tiers : ce sont ceux qui sont envoy\u00e9s sur l&rsquo;\u00e9quipement terminal de l&rsquo;utilisateur depuis un ordinateur ou un domaine qui n&rsquo;est pas g\u00e9r\u00e9 par l&rsquo;\u00e9diteur, mais par une autre entit\u00e9 qui traite les donn\u00e9es.<\/li>\n<\/ul>\n<p><strong>Types de cookies en fonction de la dur\u00e9e pendant laquelle ils restent actifs<\/strong><\/p>\n<ul>\n<li>Cookies de session : Il s&rsquo;agit d&rsquo;un type de cookies con\u00e7us pour collecter et stocker des donn\u00e9es pendant que l&rsquo;utilisateur acc\u00e8de \u00e0 une page Web.<\/li>\n<li>Cookies persistants : Il s&rsquo;agit d&rsquo;un type de cookie dans lequel les donn\u00e9es sont encore stock\u00e9es dans le terminal et peuvent \u00eatre consult\u00e9es et trait\u00e9es pendant une p\u00e9riode d\u00e9finie par le responsable du cookie, et qui peut aller de quelques minutes \u00e0 plusieurs ann\u00e9es.<\/li>\n<\/ul>\n<p><strong>Types de cookies selon leur finalit\u00e9<\/strong><\/p>\n<ul>\n<li>Cookies techniques : Ceux qui permettent \u00e0 l&rsquo;utilisateur de naviguer sur une page Web, une plate-forme ou une application et d&rsquo;utiliser les diff\u00e9rentes options ou services qui y existent.<\/li>\n<li>Cookies de personnalisation : ce sont ceux qui permettent \u00e0 l&rsquo;utilisateur d&rsquo;acc\u00e9der au service avec certaines caract\u00e9ristiques g\u00e9n\u00e9rales pr\u00e9d\u00e9finies en fonction d&rsquo;une s\u00e9rie de crit\u00e8res dans le terminal de l&rsquo;utilisateur.<\/li>\n<li>Cookies publicitaires : Ce sont ceux qui permettent la gestion, de la mani\u00e8re la plus efficace possible, des espaces publicitaires que, le cas \u00e9ch\u00e9ant, l&rsquo;\u00e9diteur a inclus dans une page web.<\/li>\n<li>Cookies publicitaires comportementaux : ce sont ceux qui permettent la gestion, de la mani\u00e8re la plus efficace possible, des espaces publicitaires que, le cas \u00e9ch\u00e9ant, l&rsquo;\u00e9diteur a inclus dans une page Web. Ces cookies stockent des informations sur le comportement des utilisateurs obtenues gr\u00e2ce \u00e0 l&rsquo;observation continue de leurs habitudes de navigation, ce qui permet le d\u00e9veloppement d&rsquo;un profil sp\u00e9cifique pour afficher des publicit\u00e9s bas\u00e9es sur celui-ci.<\/li>\n<li>Cookies d&rsquo;analyse : ce sont ceux qui permettent \u00e0 la personne qui en est responsable de surveiller et d&rsquo;analyser le comportement des utilisateurs des sites Web auxquels ils sont li\u00e9s. Les informations collect\u00e9es via ce type de cookies sont utilis\u00e9es pour mesurer l&rsquo;activit\u00e9 des sites Web, afin d&rsquo;introduire des am\u00e9liorations bas\u00e9es sur l&rsquo;analyse des donn\u00e9es d&rsquo;utilisation faites par les utilisateurs du service.<\/li>\n<\/ul>\n<p>Actuellement, la plupart des navigateurs sont configur\u00e9s par d\u00e9faut pour bloquer l&rsquo;installation de cookies publicitaires ou tiers sur votre ordinateur. L&rsquo;utilisateur peut \u00e9tendre les restrictions d&rsquo;origine, en emp\u00eachant l&rsquo;entr\u00e9e de tout type de cookie, ou \u00e9liminer lesdites restrictions, en acceptant l&rsquo;entr\u00e9e de tout type de cookies. Si vous souhaitez accepter des publicit\u00e9s ou des cookies tiers, vous pouvez configurer votre navigateur pour le faire.<\/p>\n<p>L&rsquo;acceptation faite par l&rsquo;utilisateur, en cliquant sur le bouton <strong>ACCEPTER<\/strong> figurant dans les informations initiales sur les cookies, implique qu&rsquo;il consent express\u00e9ment \u00e0 ce que la personne responsable de leur utilisation puisse exercer ses droits et r\u00e9voquer son consentement \u00e0 tout moment, par une demande \u00e0 Aris Agro SL.<\/p>\n<p>Ci-dessous, nous vous informons en d\u00e9tail sur tous les cookies qui pourraient \u00eatre install\u00e9s \u00e0 partir de notre site Web. Selon votre navigation, la configuration de votre navigateur et l&rsquo;acceptation ou le refus de ceux-ci, tous ou seulement certains d&rsquo;entre eux peuvent \u00eatre install\u00e9s.<\/p>\n<div id=\"clickdatos\">\n<p>&nbsp;<\/p>\n<div id=\"listadodecookies\">\n<table style=\"border: 1px solid black;\">\n<tbody>\n<tr align=\"center\">\n<td style=\"border: 1px solid black;\">Nom<\/td>\n<td style=\"border: 1px solid black;\">Cat\u00e9gorie<\/td>\n<td style=\"border: 1px solid black;\">Description<\/td>\n<td style=\"border: 1px solid black;\">Propri\u00e9t\u00e9<\/td>\n<td style=\"border: 1px solid black;\">Dur\u00e9e<\/td>\n<\/tr>\n<tr id=\"\" align=\"center\">\n<td style=\"border: 1px solid black;\"><\/td>\n<td style=\"border: 1px solid black;\"><\/td>\n<td style=\"border: 1px solid black;\"><\/td>\n<td style=\"border: 1px solid black;\"><\/td>\n<td style=\"border: 1px solid black;\"><\/td>\n<\/tr>\n<tr id=\"\" align=\"center\">\n<td style=\"border: 1px solid black;\"><\/td>\n<td style=\"border: 1px solid black;\"><\/td>\n<td style=\"border: 1px solid black;\"><\/td>\n<td style=\"border: 1px solid black;\"><\/td>\n<td style=\"border: 1px solid black;\"><\/td>\n<\/tr>\n<tr id=\"\" align=\"center\">\n<td style=\"border: 1px solid black;\"><\/td>\n<td style=\"border: 1px solid black;\"><\/td>\n<td style=\"border: 1px solid black;\"><\/td>\n<td style=\"border: 1px solid black;\"><\/td>\n<td style=\"border: 1px solid black;\"><\/td>\n<\/tr>\n<tr id=\"wp-settings-\" align=\"center\">\n<td style=\"border: 1px solid black;\">wp-settings-<\/td>\n<td style=\"border: 1px solid black;\">Fonctionnalit\u00e9<\/td>\n<td style=\"border: 1px solid black;\">Il est utilis\u00e9 pour personnaliser l&rsquo;interface utilisateur.<\/td>\n<td style=\"border: 1px solid black;\">Propres<\/td>\n<td style=\"border: 1px solid black;\">1 ann\u00e9e<\/td>\n<\/tr>\n<tr id=\"wp-settings-time-\" align=\"center\">\n<td style=\"border: 1px solid black;\">wp-settings-time-<\/td>\n<td style=\"border: 1px solid black;\">Fonctionnalit\u00e9<\/td>\n<td style=\"border: 1px solid black;\">Il est utilis\u00e9 pour personnaliser l&rsquo;interface utilisateur.<\/td>\n<td style=\"border: 1px solid black;\">Propres<\/td>\n<td style=\"border: 1px solid black;\">Fin de session<\/td>\n<\/tr>\n<tr id=\"fr\" align=\"center\">\n<td style=\"border: 1px solid black;\">fr<\/td>\n<td style=\"border: 1px solid black;\">Une analyse<\/td>\n<td style=\"border: 1px solid black;\">Cookie de mesure des campagnes Facebook.<\/td>\n<td style=\"border: 1px solid black;\">Tiers<\/td>\n<td style=\"border: 1px solid black;\">3 mois<\/td>\n<\/tr>\n<tr id=\"qtrans_front_language\" align=\"center\">\n<td style=\"border: 1px solid black;\">qtrans_front_language<\/td>\n<td style=\"border: 1px solid black;\">Fonctionnalit\u00e9<\/td>\n<td style=\"border: 1px solid black;\">Enregistrez la langue que l&rsquo;utilisateur souhaite voir sur le Web.<\/td>\n<td style=\"border: 1px solid black;\">Propres<\/td>\n<td style=\"border: 1px solid black;\">1 ann\u00e9e<\/td>\n<\/tr>\n<tr id=\"qtrans_admin_language\" align=\"center\">\n<td style=\"border: 1px solid black;\">qtrans_admin_language<\/td>\n<td style=\"border: 1px solid black;\">Fonctionnalit\u00e9<\/td>\n<td style=\"border: 1px solid black;\">Nous ne connaissons pas l&rsquo;origine du cookie<\/td>\n<td style=\"border: 1px solid black;\">Tiers<\/td>\n<td style=\"border: 1px solid black;\">Nous ne connaissons pas l&rsquo;origine du cookie<\/td>\n<\/tr>\n<tr id=\"cookielawinfo-checkbox-necessary\" align=\"center\">\n<td style=\"border: 1px solid black;\">cookielawinfo-checkbox-necessary<\/td>\n<td style=\"border: 1px solid black;\">Fonctionnalit\u00e9<\/td>\n<td style=\"border: 1px solid black;\">Nous ne connaissons pas l&rsquo;origine du cookie<\/td>\n<td style=\"border: 1px solid black;\">Tiers<\/td>\n<td style=\"border: 1px solid black;\">Nous ne connaissons pas l&rsquo;origine du cookie<\/td>\n<\/tr>\n<tr id=\"cookielawinfo-checkbox-functional\" align=\"center\">\n<td style=\"border: 1px solid black;\">cookielawinfo-checkbox-functional<\/td>\n<td style=\"border: 1px solid black;\">Fonctionnalit\u00e9<\/td>\n<td style=\"border: 1px solid black;\">Desconocemos el origen de la cookie<\/td>\n<td style=\"border: 1px solid black;\">Tiers<\/td>\n<td style=\"border: 1px solid black;\">Nous ne connaissons pas l&rsquo;origine du cookie<\/td>\n<\/tr>\n<tr id=\"cookielawinfo-checkbox-performance\" align=\"center\">\n<td style=\"border: 1px solid black;\">cookielawinfo-checkbox-performance<\/td>\n<td style=\"border: 1px solid black;\">Fonctionnalit\u00e9<\/td>\n<td style=\"border: 1px solid black;\">Nous ne connaissons pas l&rsquo;origine du cookie<\/td>\n<td style=\"border: 1px solid black;\">Tiers<\/td>\n<td style=\"border: 1px solid black;\">Nous ne connaissons pas l&rsquo;origine du cookie<\/td>\n<\/tr>\n<tr id=\"cookielawinfo-checkbox-analytics\" align=\"center\">\n<td style=\"border: 1px solid black;\">cookielawinfo-checkbox-analytics<\/td>\n<td style=\"border: 1px solid black;\">Fonctionnalit\u00e9<\/td>\n<td style=\"border: 1px solid black;\">Nous ne connaissons pas l&rsquo;origine du cookie<\/td>\n<td style=\"border: 1px solid black;\">Tiers<\/td>\n<td style=\"border: 1px solid black;\">Nous ne connaissons pas l&rsquo;origine du cookie<\/td>\n<\/tr>\n<tr id=\"cookielawinfo-checkbox-advertisement\" align=\"center\">\n<td style=\"border: 1px solid black;\">cookielawinfo-checkbox-advertisement<\/td>\n<td style=\"border: 1px solid black;\">Fonctionnalit\u00e9<\/td>\n<td style=\"border: 1px solid black;\">Nous ne connaissons pas l&rsquo;origine du cookie<\/td>\n<td style=\"border: 1px solid black;\">Tiers<\/td>\n<td style=\"border: 1px solid black;\">Nous ne connaissons pas l&rsquo;origine du cookie<\/td>\n<\/tr>\n<tr id=\"cookielawinfo-checkbox-others\" align=\"center\">\n<td style=\"border: 1px solid black;\">cookielawinfo-checkbox-others<\/td>\n<td style=\"border: 1px solid black;\">Fonctionnalit\u00e9<\/td>\n<td style=\"border: 1px solid black;\">Nous ne connaissons pas l&rsquo;origine du cookie<\/td>\n<td style=\"border: 1px solid black;\">Tiers<\/td>\n<td style=\"border: 1px solid black;\">Nous ne connaissons pas l&rsquo;origine du cookie<\/td>\n<\/tr>\n<tr id=\"cookiesinregistrar\" align=\"center\">\n<td style=\"border: 1px solid black;\">cookiesinregistrar<\/td>\n<td style=\"border: 1px solid black;\">Fonctionnalit\u00e9<\/td>\n<td style=\"border: 1px solid black;\">Nous ne connaissons pas l&rsquo;origine du cookie<\/td>\n<td style=\"border: 1px solid black;\">Tiers<\/td>\n<td style=\"border: 1px solid black;\">Nous ne connaissons pas l&rsquo;origine du cookie<\/td>\n<\/tr>\n<tr id=\"wp-wpml_current_admin_language_d41d8cd98f00b204e9800998ecf8427e\" align=\"center\">\n<td style=\"border: 1px solid black;\">wp-wpml_current_admin_language_d41d8cd98f00b204e9800998ecf8427e<\/td>\n<td style=\"border: 1px solid black;\">Fonctionnalit\u00e9<\/td>\n<td style=\"border: 1px solid black;\">Nous ne connaissons pas l&rsquo;origine du cookie<\/td>\n<td style=\"border: 1px solid black;\">Tiers<\/td>\n<td style=\"border: 1px solid black;\">Nous ne connaissons pas l&rsquo;origine du cookie<\/td>\n<\/tr>\n<tr id=\"wp-wpml_current_language\" align=\"center\">\n<td style=\"border: 1px solid black;\">wp-wpml_current_language<\/td>\n<td style=\"border: 1px solid black;\">Fonctionnalit\u00e9<\/td>\n<td style=\"border: 1px solid black;\">Nous ne connaissons pas l&rsquo;origine du cookie<\/td>\n<td style=\"border: 1px solid black;\">Tiers<\/td>\n<td style=\"border: 1px solid black;\">Nous ne connaissons pas l&rsquo;origine du cookieIl est possible que nous mettions \u00e0 jour la politique de cookies de notre site Web, nous vous recommandons donc de consulter cette politique chaque fois que vous acc\u00e9dez \u00e0 notre site Web afin d&rsquo;\u00eatre correctement inform\u00e9 sur comment et pourquoi nous utilisons des cookies.<\/td>\n<\/tr>\n<\/tbody>\n<\/table>\n<\/div>\n<p>Si vous ne souhaitez pas que des cookies soient enregistr\u00e9s dans votre navigateur ou pr\u00e9f\u00e9rez recevoir des informations \u00e0 chaque demande d&rsquo;installation d&rsquo;un cookie, vous pouvez configurer vos options de navigation en ce sens. La plupart des navigateurs permettent la gestion des cookies de 3 mani\u00e8res diff\u00e9rentes :<\/p>\n<ul>\n<li>Les cookies sont toujours rejet\u00e9s\u00a0;<\/li>\n<li>Le navigateur demande si l&rsquo;utilisateur souhaite installer chaque cookie ;<\/li>\n<li>Les cookies sont toujours accept\u00e9s ;<\/li>\n<\/ul>\n<p>Votre navigateur peut \u00e9galement inclure la possibilit\u00e9 de s\u00e9lectionner de mani\u00e8re d\u00e9taill\u00e9e les cookies que vous souhaitez voir install\u00e9s sur votre ordinateur. Plus pr\u00e9cis\u00e9ment, l&rsquo;utilisateur peut normalement accepter l&rsquo;une des options suivantes\u00a0:<\/p>\n<ul>\n<li>Refuser les cookies de certains domaines\u00a0;<\/li>\n<li>Refuser les cookies tiers ;<\/li>\n<li>Accepter les cookies comme non persistants (ils sont supprim\u00e9s \u00e0 la fermeture du navigateur)\u00a0;<\/li>\n<li>Autoriser le serveur \u00e0 cr\u00e9er des cookies pour un domaine diff\u00e9rent.<\/li>\n<\/ul>\n<p>Pour autoriser, conna\u00eetre, bloquer ou supprimer les cookies install\u00e9s sur votre ordinateur, vous pouvez le faire en configurant les options du navigateur install\u00e9 sur votre ordinateur.<\/p>\n<p>Vous pouvez trouver des informations sur la configuration des navigateurs les plus utilis\u00e9s aux emplacements suivants\u00a0:<\/p>\n<ul>\n<li><strong>Internet Explorer<\/strong> : Outils -&gt; Options Internet -&gt; Confidentialit\u00e9 -&gt; Param\u00e8tres. Pour plus d&rsquo;informations, vous pouvez vous r\u00e9f\u00e9rer au <a href=\"http:\/\/windows.microsoft.com\/es-ES\/windows\/support\" target=\"_blank\" rel=\"nofollow noopener\">support Microsoft<\/a> ou \u00e0 l&rsquo;aide du navigateur.<\/li>\n<li><strong>Firefox<\/strong> : Outils -&gt; Options -&gt; Confidentialit\u00e9 -&gt; Historique -&gt; Param\u00e8tres personnalis\u00e9s. Pour plus d&rsquo;informations, vous pouvez vous r\u00e9f\u00e9rer au support Mozilla ou \u00e0 l&rsquo;aide du navigateur.<\/li>\n<li><strong>Chrome<\/strong> : Param\u00e8tres -&gt; Afficher les options avanc\u00e9es -&gt; Confidentialit\u00e9 -&gt; Param\u00e8tres de contenu. Pour plus d&rsquo;informations, vous pouvez consulter l&rsquo;assistance Google ou l&rsquo;aide du navigateur.<\/li>\n<li><strong>Safari<\/strong> : Pr\u00e9f\u00e9rences -&gt; S\u00e9curit\u00e9. Pour plus d&rsquo;informations, vous pouvez consulter l&rsquo;assistance Apple ou l&rsquo;aide du navigateur.<\/li>\n<\/ul>\n<\/div>\n","protected":false},"excerpt":{"rendered":"<p>POLITIQUE DE COOKIES Sur le site Web https:\/\/agrotecnica2.com (ci-apr\u00e8s, le site Web), nous utilisons des cookies pour faciliter la relation des visiteurs avec notre contenu et pour nous permettre d&rsquo;\u00e9tablir des statistiques sur les visiteurs que nous recevons. Nous vous informons que nous pouvons utiliser des cookies afin de faciliter votre navigation sur le Site, &#8230; <a title=\"Politique de cookies\" class=\"read-more\" href=\"https:\/\/agrotecnica2.com\/fr\/politique-de-cookies\/\" aria-label=\"Plus sur Politique de cookies\">Lire plus<\/a><\/p>\n","protected":false},"author":2,"featured_media":0,"parent":0,"menu_order":0,"comment_status":"closed","ping_status":"closed","template":"","meta":{"footnotes":""},"class_list":["post-432","page","type-page","status-publish"],"_links":{"self":[{"href":"https:\/\/agrotecnica2.com\/fr\/wp-json\/wp\/v2\/pages\/432","targetHints":{"allow":["GET"]}}],"collection":[{"href":"https:\/\/agrotecnica2.com\/fr\/wp-json\/wp\/v2\/pages"}],"about":[{"href":"https:\/\/agrotecnica2.com\/fr\/wp-json\/wp\/v2\/types\/page"}],"author":[{"embeddable":true,"href":"https:\/\/agrotecnica2.com\/fr\/wp-json\/wp\/v2\/users\/2"}],"replies":[{"embeddable":true,"href":"https:\/\/agrotecnica2.com\/fr\/wp-json\/wp\/v2\/comments?post=432"}],"version-history":[{"count":3,"href":"https:\/\/agrotecnica2.com\/fr\/wp-json\/wp\/v2\/pages\/432\/revisions"}],"predecessor-version":[{"id":456,"href":"https:\/\/agrotecnica2.com\/fr\/wp-json\/wp\/v2\/pages\/432\/revisions\/456"}],"wp:attachment":[{"href":"https:\/\/agrotecnica2.com\/fr\/wp-json\/wp\/v2\/media?parent=432"}],"curies":[{"name":"wp","href":"https:\/\/api.w.org\/{rel}","templated":true}]}}