{"id":430,"date":"2022-05-11T13:21:32","date_gmt":"2022-05-11T11:21:32","guid":{"rendered":"https:\/\/agrotecnica2.com\/avisos-legales\/"},"modified":"2022-05-11T15:40:17","modified_gmt":"2022-05-11T13:40:17","slug":"mentions-legales","status":"publish","type":"page","link":"https:\/\/agrotecnica2.com\/fr\/mentions-legales\/","title":{"rendered":"Mentions l\u00e9gales"},"content":{"rendered":"<p>Dans les pr\u00e9sentes mentions l\u00e9gales, l&rsquo;utilisateur pourra trouver toutes les informations relatives aux conditions l\u00e9gales qui d\u00e9finissent les relations entre les utilisateurs et le responsable de la page Web accessible \u00e0 l&rsquo;adresse URL https:\/\/agrotecnica2.com (ci-apr\u00e8s , le site Web), qu&rsquo;Aris Agro SL met \u00e0 la disposition des internautes.<br \/>\nL&rsquo;utilisation du site implique l&rsquo;acceptation pleine et enti\u00e8re de chacune des dispositions contenues dans les pr\u00e9sentes Mentions L\u00e9gales. Par cons\u00e9quent, l&rsquo;utilisateur du site Web doit lire attentivement les pr\u00e9sentes mentions l\u00e9gales \u00e0 chacune des occasions o\u00f9 il a l&rsquo;intention d&rsquo;utiliser le site Web, car le texte pourrait \u00eatre modifi\u00e9 \u00e0 la discr\u00e9tion du propri\u00e9taire du site Web ou en raison d&rsquo;un changement l\u00e9gislatif. , la jurisprudence ou la pratique des affaires.<\/p>\n<h2>1.- DONN\u00c9ES DU PROPRI\u00c9TAIRE RESPONSABLE DU SITE WEB.<\/h2>\n<p>Nom du titulaire : Aris Agro SL<br \/>\nSi\u00e8ge social : Calle Luis Vives, 14 &#8211; PLT 3<br \/>\nC.I.F. : B97795199<br \/>\nT\u00e9l\u00e9phone : 699906785<br \/>\nCourriel : info@arisagro.com<\/p>\n<p>Aris Agro SL est responsable du site Web et s&rsquo;engage \u00e0 respecter toutes les exigences nationales et europ\u00e9ennes qui r\u00e9gissent l&rsquo;utilisation des donn\u00e9es personnelles des utilisateurs.<\/p>\n<p>Ce site Web garantit la protection et la confidentialit\u00e9 des donn\u00e9es personnelles qui nous sont fournies conform\u00e9ment aux dispositions du r\u00e8glement g\u00e9n\u00e9ral pour la protection des donn\u00e9es personnelles (UE) 2016\/679 du Parlement europ\u00e9en et du Conseil du 27 avril 2016 , dans la loi organique 3\/2018 sur la protection des donn\u00e9es personnelles et la garantie des droits num\u00e9riques, ainsi que dans la loi sur les services de la soci\u00e9t\u00e9 de l&rsquo;information et du commerce \u00e9lectronique 34\/2002 du 11 juillet (LSSI-CE)<\/p>\n<h2>2.- OBJET.<\/h2>\n<p>Le site Web offre \u00e0 ses utilisateurs un acc\u00e8s aux informations et aux services fournis par Aris Agro SL aux personnes ou organisations qui les int\u00e9ressent.<\/p>\n<p>L&rsquo;acc\u00e8s et l&rsquo;utilisation du Site Web attribuent la condition d&rsquo;utilisateur du Site Web (ci-apr\u00e8s, l'\u00a0\u00bbUtilisateur\u00a0\u00bb) et impliquent l&rsquo;acceptation de toutes les conditions incluses dans les pr\u00e9sentes Mentions L\u00e9gales ainsi que ses modifications. La fourniture du service du site Web a une dur\u00e9e limit\u00e9e au moment o\u00f9 l&rsquo;utilisateur est connect\u00e9 au site Web ou \u00e0 l&rsquo;un des services qui sont fournis \u00e0 travers celui-ci. Par cons\u00e9quent, l&rsquo;utilisateur doit lire attentivement le pr\u00e9sent avis juridique \u00e0 chacune des occasions o\u00f9 il a l&rsquo;intention d&rsquo;utiliser le site Web, car celui-ci et ses conditions d&rsquo;utilisation contenues dans le pr\u00e9sent avis juridique peuvent \u00eatre modifi\u00e9s.<\/p>\n<h2>3.- ACC\u00c8S ET UTILISATION DU WEB.<\/h2>\n<p>3.1.- Caract\u00e8re gratuit de l&rsquo;acc\u00e8s et de l&rsquo;utilisation du web. L&rsquo;acc\u00e8s au site Web est gratuit pour ses utilisateurs, sauf en ce qui concerne le co\u00fbt de la connexion via le r\u00e9seau de t\u00e9l\u00e9communications fourni par le fournisseur d&rsquo;acc\u00e8s contract\u00e9 par les utilisateurs.<br \/>\n3.2.- Enregistrement de l&rsquo;utilisateur. En g\u00e9n\u00e9ral, l&rsquo;acc\u00e8s et l&rsquo;utilisation du site Web ne n\u00e9cessitent pas l&rsquo;abonnement ou l&rsquo;enregistrement pr\u00e9alable de ses utilisateurs.<br \/>\n3.3.- Les utilisateurs garantissent et sont responsables, dans tous les cas, de l&rsquo;exactitude, de la validit\u00e9 et de l&rsquo;authenticit\u00e9 des donn\u00e9es personnelles fournies, et s&rsquo;engagent \u00e0 les tenir d\u00fbment mises \u00e0 jour. L&rsquo;utilisateur s&rsquo;engage \u00e0 fournir des informations compl\u00e8tes et correctes dans le formulaire de contact ou d&rsquo;inscription.<\/p>\n<p>En aucun cas, des donn\u00e9es relatives \u00e0 la situation professionnelle, \u00e9conomique ou \u00e0 la vie priv\u00e9e des autres membres de la famille ne seront collect\u00e9es aupr\u00e8s du mineur, sans son consentement. Si vous avez moins de treize ans et que vous avez acc\u00e9d\u00e9 \u00e0 ce site Web sans en avertir vos parents, vous ne devez pas vous inscrire en tant qu&rsquo;utilisateur.<\/p>\n<p>Ce site respecte et prend soin des donn\u00e9es personnelles des utilisateurs. En tant qu&rsquo;utilisateur, vous devez savoir que vos droits sont garantis.<\/p>\n<h2>4.- CONTENU WEB.<\/h2>\n<p>La langue utilis\u00e9e par le propri\u00e9taire sur le web sera l&rsquo;espagnol. Aris Agro SL n&rsquo;est pas responsable de la non-compr\u00e9hension ou de la compr\u00e9hension de la langue du web par l&rsquo;utilisateur, ni de ses cons\u00e9quences.<br \/>\nAris Agro SL peut modifier les contenus sans pr\u00e9avis, ainsi que les supprimer et les modifier sur le Web, tels que la mani\u00e8re dont ils sont accessibles, sans aucune justification et librement, sans \u00eatre responsable des cons\u00e9quences qu&rsquo;ils peuvent causer \u00e0 la utilisateurs utilisateurs.<br \/>\nL&rsquo;utilisation du contenu du site Web pour promouvoir, contracter ou divulguer de la publicit\u00e9 ou des informations propres ou celles de tiers sans l&rsquo;autorisation d&rsquo;Aris Agro SL, ni pour envoyer de la publicit\u00e9 ou des informations en utilisant les services ou les informations mis \u00e0 disposition est interdite. utilisateurs, que l&rsquo;utilisation soit gratuite ou non.<br \/>\nLes liens ou hyperliens que des tiers incorporent dans leurs pages Web, dirig\u00e9s vers ce site Web, seront destin\u00e9s \u00e0 l&rsquo;ouverture de la page Web compl\u00e8te, ne pouvant exprimer, directement ou indirectement, des indications fausses, inexactes ou confuses, ni encourir de d\u00e9loyales ou des actions ill\u00e9gales contre Aris Agro SL<\/p>\n<div id=\"clickdatos\">\n<h2>5.- MESURES DE S\u00c9CURIT\u00c9.<\/h2>\n<p>Les donn\u00e9es personnelles communiqu\u00e9es par l&rsquo;utilisateur peuvent \u00eatre stock\u00e9es dans des bases de donn\u00e9es automatis\u00e9es ou non, dont la propri\u00e9t\u00e9 correspond exclusivement \u00e0 Aris Agro SL, en assumant toutes les mesures techniques, organisationnelles et de s\u00e9curit\u00e9 qui garantissent la confidentialit\u00e9, l&rsquo;int\u00e9grit\u00e9 et la qualit\u00e9 des informations qui y sont contenues conform\u00e9ment aux dispositions de la r\u00e9glementation en vigueur sur la protection des donn\u00e9es personnelles.<\/p>\n<h2>6.- LIMITATION DE RESPONSABILIT\u00c9.<\/h2>\n<p>L&rsquo;acc\u00e8s au site Web et l&rsquo;utilisation non consensuelle qui peut \u00eatre faite des informations qu&rsquo;il contient rel\u00e8vent de la seule responsabilit\u00e9 de la personne qui l&rsquo;ex\u00e9cute. Aris Agro SL ne sera pas responsable des cons\u00e9quences, dommages ou pr\u00e9judices pouvant r\u00e9sulter de cet acc\u00e8s ou de cette utilisation. Aris Agro SL n&rsquo;est pas responsable des erreurs de s\u00e9curit\u00e9 pouvant survenir ou des dommages pouvant \u00eatre caus\u00e9s au syst\u00e8me informatique de l&rsquo;utilisateur (mat\u00e9riel et logiciel), ou aux fichiers ou documents qui y sont stock\u00e9s, \u00e0 la suite de :<br \/>\n\u2013 La pr\u00e9sence d&rsquo;un virus sur l&rsquo;ordinateur de l&rsquo;utilisateur utilis\u00e9 pour se connecter aux services et contenus du site.<br \/>\n\u2013 un dysfonctionnement du navigateur.<br \/>\n\u2013 et\/ou l&rsquo;utilisation de versions non mises \u00e0 jour de celui-ci.<br \/>\nAris Agro SL n&rsquo;est pas responsable de la fiabilit\u00e9 et de la rapidit\u00e9 des hyperliens qui sont incorpor\u00e9s dans le Web pour l&rsquo;ouverture d&rsquo;autrui. Aris Agro SL ne garantit pas l&rsquo;utilit\u00e9 de ces liens, ni n&rsquo;est responsable du contenu ou des services auxquels l&rsquo;utilisateur peut acc\u00e9der via ces liens, ni du bon fonctionnement de ces sites Web.<br \/>\nAris Agro SL ne sera pas responsable des virus ou autres programmes informatiques qui d\u00e9t\u00e9riorent ou peuvent d\u00e9t\u00e9riorer les syst\u00e8mes informatiques ou l&rsquo;\u00e9quipement des utilisateurs lors de l&rsquo;acc\u00e8s \u00e0 son site Web ou \u00e0 d&rsquo;autres sites Web accessibles via des liens sur ce site Web.<\/p>\n<h2>7.- UTILISATION DE LA TECHNOLOGIE \u00ab COOKIE \u00bb.<\/h2>\n<p>Le site Web peut utiliser des cookies ou des technologies similaires qui seront r\u00e9gies par les dispositions de la politique de cookies, accessible \u00e0 tout moment et respectant la confidentialit\u00e9 et la vie priv\u00e9e de l&rsquo;utilisateur, faisant partie int\u00e9grante du pr\u00e9sent avis juridique.<\/p>\n<h2>8.- NAVIGATION.<\/h2>\n<p>Les serveurs Internet peuvent collecter des donn\u00e9es non identifiantes, qui peuvent inclure des adresses IP et d&rsquo;autres donn\u00e9es qui ne peuvent pas \u00eatre utilis\u00e9es pour identifier l&rsquo;utilisateur. Votre adresse IP sera automatiquement stock\u00e9e dans les journaux d&rsquo;acc\u00e8s et dans le seul but de permettre le transit sur Internet, votre ordinateur devant fournir cette adresse IP lorsque vous naviguez sur Internet pour que les communications puissent s&rsquo;effectuer. De m\u00eame, l&rsquo;adresse IP pourra \u00eatre utilis\u00e9e pour r\u00e9aliser des statistiques, de mani\u00e8re anonyme, sur le nombre de visiteurs de ce site et leur provenance, de mani\u00e8re totalement transparente \u00e0 leur navigation.<\/p>\n<h2>9.- PROPRI\u00c9T\u00c9 INTELLECTUELLE ET INDUSTRIELLE<\/h2>\n<p>L&rsquo;utilisateur sait et accepte que tous les contenus et\/ou tout autre \u00e9l\u00e9ment du site Web sont la propri\u00e9t\u00e9 d&rsquo;Aris Agro SL et s&rsquo;engage \u00e0 respecter les droits de propri\u00e9t\u00e9 intellectuelle et industrielle d\u00e9tenus par Aris Agro SL. Toute utilisation du site ou de son contenu doit avoir un caract\u00e8re exclusivement priv\u00e9.<br \/>\nToute autre utilisation impliquant la copie, la reproduction, la distribution, la transformation, la communication publique ou toute autre action similaire, de tout ou partie du contenu du Web, est exclusivement r\u00e9serv\u00e9e \u00e0 Aris Agro SL, de sorte qu&rsquo;aucun utilisateur ne puisse effectuer ces actions. sans l&rsquo;autorisation \u00e9crite pr\u00e9alable d&rsquo;Aris Agro SL<\/p>\n<h2>10.- L\u00c9GISLATION APPLICABLE ET JURIDICTION COMP\u00c9TENTE<\/h2>\n<p>Le pr\u00e9sent avis juridique sera interpr\u00e9t\u00e9 et r\u00e9gi conform\u00e9ment \u00e0 la loi espagnole. Aris Agro SL et les utilisateurs, renon\u00e7ant express\u00e9ment \u00e0 toute autre juridiction qui pourrait leur correspondre, se soumettent aux cours et tribunaux du domicile de l&rsquo;utilisateur pour tout litige pouvant d\u00e9couler de l&rsquo;acc\u00e8s ou de l&rsquo;utilisation du site Web. Dans le cas o\u00f9 l&rsquo;utilisateur est domicili\u00e9 en dehors de l&rsquo;Espagne, Aris Agro SL et l&rsquo;utilisateur se soumettent, renon\u00e7ant express\u00e9ment \u00e0 toute autre juridiction, aux cours et tribunaux du domicile de Xeraco<\/p>\n<\/div>\n","protected":false},"excerpt":{"rendered":"<p>Dans les pr\u00e9sentes mentions l\u00e9gales, l&rsquo;utilisateur pourra trouver toutes les informations relatives aux conditions l\u00e9gales qui d\u00e9finissent les relations entre les utilisateurs et le responsable de la page Web accessible \u00e0 l&rsquo;adresse URL https:\/\/agrotecnica2.com (ci-apr\u00e8s , le site Web), qu&rsquo;Aris Agro SL met \u00e0 la disposition des internautes. L&rsquo;utilisation du site implique l&rsquo;acceptation pleine et &#8230; <a title=\"Mentions l\u00e9gales\" class=\"read-more\" href=\"https:\/\/agrotecnica2.com\/fr\/mentions-legales\/\" aria-label=\"Plus sur Mentions l\u00e9gales\">Lire plus<\/a><\/p>\n","protected":false},"author":2,"featured_media":0,"parent":0,"menu_order":0,"comment_status":"closed","ping_status":"closed","template":"","meta":{"footnotes":""},"class_list":["post-430","page","type-page","status-publish"],"_links":{"self":[{"href":"https:\/\/agrotecnica2.com\/fr\/wp-json\/wp\/v2\/pages\/430","targetHints":{"allow":["GET"]}}],"collection":[{"href":"https:\/\/agrotecnica2.com\/fr\/wp-json\/wp\/v2\/pages"}],"about":[{"href":"https:\/\/agrotecnica2.com\/fr\/wp-json\/wp\/v2\/types\/page"}],"author":[{"embeddable":true,"href":"https:\/\/agrotecnica2.com\/fr\/wp-json\/wp\/v2\/users\/2"}],"replies":[{"embeddable":true,"href":"https:\/\/agrotecnica2.com\/fr\/wp-json\/wp\/v2\/comments?post=430"}],"version-history":[{"count":3,"href":"https:\/\/agrotecnica2.com\/fr\/wp-json\/wp\/v2\/pages\/430\/revisions"}],"predecessor-version":[{"id":454,"href":"https:\/\/agrotecnica2.com\/fr\/wp-json\/wp\/v2\/pages\/430\/revisions\/454"}],"wp:attachment":[{"href":"https:\/\/agrotecnica2.com\/fr\/wp-json\/wp\/v2\/media?parent=430"}],"curies":[{"name":"wp","href":"https:\/\/api.w.org\/{rel}","templated":true}]}}