{"id":428,"date":"2022-05-11T13:21:33","date_gmt":"2022-05-11T11:21:33","guid":{"rendered":"https:\/\/agrotecnica2.com\/politica-de-privacidad\/"},"modified":"2022-05-11T15:48:08","modified_gmt":"2022-05-11T13:48:08","slug":"politique-de-confidentialite","status":"publish","type":"page","link":"https:\/\/agrotecnica2.com\/fr\/politique-de-confidentialite\/","title":{"rendered":"Politique de Confidentialit\u00e9"},"content":{"rendered":"<div id=\"clickdatos\">\n<h2>POLITIQUE DE CONFIDENTIALIT\u00c9 ET PROTECTION DES DONN\u00c9ES<\/h2>\n<p>Conform\u00e9ment au r\u00e8glement (UE) 2016\/679 du Parlement europ\u00e9en et du Conseil du 27 avril 2016 relatif \u00e0 la protection des personnes physiques \u00e0 l&rsquo;\u00e9gard du traitement des donn\u00e9es \u00e0 caract\u00e8re personnel, qui abroge la directive 95\/46\/CE (ci-apr\u00e8s , RGPD), de la loi 34\/2002, du 11 juillet, sur les services de la soci\u00e9t\u00e9 de l&rsquo;information et du commerce \u00e9lectronique (ci-apr\u00e8s, LSSI-CE) et la loi organique 3\/2018 , Protection des donn\u00e9es personnelles et garantie des droits num\u00e9riques (ci-apr\u00e8s, LOPDGDD ), Aris Agro SL garantit la protection et la confidentialit\u00e9 des donn\u00e9es personnelles, de toute nature fournies par nos clients, conform\u00e9ment aux dispositions du r\u00e8glement g\u00e9n\u00e9ral sur la protection des donn\u00e9es personnelles.<\/p>\n<p>Les donn\u00e9es fournies seront trait\u00e9es dans les termes \u00e9tablis dans le RGPD, en ce sens Aris Agro SL a adopt\u00e9 les niveaux de protection l\u00e9galement requis et a install\u00e9 toutes les mesures techniques \u00e0 sa disposition pour \u00e9viter la perte, l&rsquo;utilisation abusive, l&rsquo;alt\u00e9ration, l&rsquo;utilisation non autoris\u00e9e l&rsquo;acc\u00e8s par des tiers, d\u00e9crites ci-dessous. Cependant, l&rsquo;utilisateur doit \u00eatre conscient que les mesures de s\u00e9curit\u00e9 sur Internet ne sont pas imprenables.<\/p>\n<p><strong>Responsable du traitement<\/strong><br \/>\nNom: Aris Agro SL<br \/>\nCIF : B97795199<br \/>\nAdresse : Calle Luis Vives, 14 &#8211; PLT 3<br \/>\nT\u00e9l\u00e9phone : 699906785<br \/>\nCourriel : info@arisagro.com<\/p>\n<p><strong>But du traitement<\/strong><br \/>\nToutes les donn\u00e9es fournies par nos clients et\/ou visiteurs du site Web d&rsquo;Aris Agro SL ou de son personnel seront incluses dans le registre des activit\u00e9s de traitement des donn\u00e9es personnelles, cr\u00e9\u00e9 et maintenu sous la responsabilit\u00e9 d&rsquo;Aris Agro SL, essentiel pour fournir les services demand\u00e9s par utilisateurs, ou pour r\u00e9soudre des doutes ou des questions soulev\u00e9es par nos visiteurs. Notre politique est de ne pas cr\u00e9er de profils sur les utilisateurs de nos services.<\/p>\n<p><strong>L\u00e9gitimit\u00e9 du traitement<\/strong><\/p>\n<ol type=\"a\">\n<li>Relation contractuelle : C&rsquo;est celle qui s&rsquo;applique lorsque vous achetez un de nos produits ou contractez l&rsquo;un de nos services.<\/li>\n<li>Int\u00e9r\u00eat l\u00e9gitime : R\u00e9pondre aux questions et r\u00e9clamations que vous soulevez et g\u00e9rer le recouvrement des sommes dues.<\/li>\n<li>Votre consentement : Si vous \u00eates un utilisateur de notre site Web, en cochant la case qui appara\u00eet sur le formulaire de contact, vous nous autorisez \u00e0 vous envoyer les communications n\u00e9cessaires pour r\u00e9pondre \u00e0 la requ\u00eate ou \u00e0 la demande d&rsquo;informations soulev\u00e9es.<\/li>\n<\/ol>\n<p><strong>Destinataires<\/strong><br \/>\nNous ne transf\u00e9rons vos donn\u00e9es personnelles \u00e0 personne, \u00e0 l&rsquo;exception des entit\u00e9s publiques ou priv\u00e9es auxquelles nous sommes oblig\u00e9s de fournir vos donn\u00e9es personnelles afin de nous conformer \u00e0 toute loi. Par exemple, la loi fiscale oblige l&rsquo;administration fiscale \u00e0 fournir certaines informations sur les op\u00e9rations \u00e9conomiques qui d\u00e9passent un certain montant.<\/p>\n<p>Dans le cas o\u00f9, en dehors des cas mentionn\u00e9s, nous devions divulguer vos informations personnelles \u00e0 d&rsquo;autres entit\u00e9s, nous vous demanderons au pr\u00e9alable votre autorisation via des options claires qui vous permettront de d\u00e9cider \u00e0 cet \u00e9gard.<\/p>\n<p><strong>Communication<\/strong><br \/>\nNous n&rsquo;effectuerons aucun transfert international de vos donn\u00e9es personnelles \u00e0 aucune des fins indiqu\u00e9es.<br \/>\n(NOTE INTERNE\u00a0: CE PARAGRAPHE DOIT \u00caTRE MODIFI\u00c9 PAR LE RESPONSABLE SI DES TRANSFERTS INTERNATIONAUX SE PRODUISENT R\u00c9ELLEMENT. NOUS VOUS RECOMMANDONS DE DEMANDER CONSEIL SI VOUS NE SAVEZ PAS COMMENT LE REFL\u00c9TER CORRECTEMENT POUR VOUS CONFORMER AU R\u00c8GLEMENT)<\/p>\n<p><strong>Conservation<\/strong><br \/>\nNous ne conserverons vos donn\u00e9es personnelles que le temps n\u00e9cessaire \u00e0 la r\u00e9alisation des finalit\u00e9s pour lesquelles elles ont \u00e9t\u00e9 collect\u00e9es. Lors de la d\u00e9termination de la p\u00e9riode de conservation appropri\u00e9e, nous examinons les risques li\u00e9s au traitement, ainsi que nos obligations contractuelles, l\u00e9gales et r\u00e9glementaires, les politiques internes de conservation des donn\u00e9es et nos int\u00e9r\u00eats commerciaux l\u00e9gitimes d\u00e9crits dans la pr\u00e9sente politique de confidentialit\u00e9 et de cookies.<\/p>\n<p>En ce sens, Aris Agro SL conservera les donn\u00e9es personnelles une fois sa relation avec vous termin\u00e9e, d\u00fbment bloqu\u00e9e, pendant le d\u00e9lai de prescription des actions qui pourraient d\u00e9couler de la relation entretenue avec l&rsquo;int\u00e9ress\u00e9.<\/p>\n<p>Une fois bloqu\u00e9es, vos donn\u00e9es seront inaccessibles \u00e0 Aris Agro SL, et ne seront pas trait\u00e9es sauf pour les mettre \u00e0 la disposition des administrations publiques, des juges et des tribunaux, \u00e0 l&rsquo;attention des \u00e9ventuelles responsabilit\u00e9s d\u00e9coulant des traitements, ainsi que pour l&rsquo;exercice et la d\u00e9fense des r\u00e9clamations devant l&rsquo;Agence espagnole de protection des donn\u00e9es.<\/p>\n<p><strong>S\u00e9curit\u00e9<\/strong><br \/>\nNous d\u00e9ployons tous les efforts raisonnables pour maintenir la confidentialit\u00e9 des informations personnelles trait\u00e9es sur nos syst\u00e8mes. Nous maintenons des niveaux de s\u00e9curit\u00e9 stricts pour prot\u00e9ger les donn\u00e9es personnelles que nous traitons contre la perte accidentelle et l&rsquo;acc\u00e8s, le traitement ou la divulgation non autoris\u00e9s, en tenant compte de l&rsquo;\u00e9tat de la technologie, de la nature et des risques auxquels les donn\u00e9es sont expos\u00e9es. Cependant, nous ne pouvons \u00eatre tenus responsables de l&rsquo;utilisation que vous faites des donn\u00e9es (notamment nom d&rsquo;utilisateur et mot de passe) que vous utilisez sur notre site Web. Notre personnel suit des normes de confidentialit\u00e9 strictes et lorsque nous engageons des tiers pour fournir des services d&rsquo;assistance, nous leur demandons de respecter les m\u00eames normes et nous permettons de les v\u00e9rifier pour leur conformit\u00e9.<\/p>\n<p><strong>Tes droits<\/strong><br \/>\nNous vous informons que vous pouvez exercer les droits suivants :<\/p>\n<ol type=\"a\">\n<li>Droit d&rsquo;acc\u00e8s \u00e0 vos donn\u00e9es personnelles, de savoir lesquelles sont trait\u00e9es et les traitements effectu\u00e9s avec celles-ci ;<\/li>\n<li>Droit de rectifier toute donn\u00e9e personnelle inexacte\u00a0;<\/li>\n<li>Droit de supprimer vos donn\u00e9es personnelles, lorsque cela est possible (par exemple, en raison d&rsquo;un imp\u00e9ratif l\u00e9gal)\u00a0;<\/li>\n<li>Droit de limiter le traitement de vos donn\u00e9es personnelles lorsque l&rsquo;exactitude, la l\u00e9galit\u00e9 ou la n\u00e9cessit\u00e9 du traitement des donn\u00e9es est mise en doute, auquel cas nous pouvons les conserver pour l&rsquo;exercice ou la d\u00e9fense de r\u00e9clamations.<\/li>\n<li>Droit d&rsquo;opposition au traitement de vos donn\u00e9es personnelles, lorsque la base l\u00e9gale qui nous permet de traiter celles indiqu\u00e9es est notre int\u00e9r\u00eat l\u00e9gitime. \u00abCompany_Name\u00bb cessera de traiter vos donn\u00e9es sauf si elles ont un int\u00e9r\u00eat l\u00e9gitime ou sont n\u00e9cessaires \u00e0 la d\u00e9fense de r\u00e9clamations.<\/li>\n<li>Droit \u00e0 la portabilit\u00e9 de vos donn\u00e9es, lorsque la base l\u00e9gale qui nous permet de les traiter est l&rsquo;existence d&rsquo;une relation contractuelle ou votre consentement.<\/li>\n<li>Droit de r\u00e9voquer le consentement accord\u00e9 \u00e0 Aris Agro SL<\/li>\n<\/ol>\n<p>Pour exercer vos droits, vous pouvez le faire gratuitement et \u00e0 tout moment en nous contactant \u00e0 Calle luis Vives, 14 &#8211; PLT 3, en joignant une copie de votre pi\u00e8ce d&rsquo;identit\u00e9.<\/p>\n<p><strong>Tutelle des droits<\/strong><br \/>\nSi vous comprenez que vos droits ont \u00e9t\u00e9 n\u00e9glig\u00e9s par notre entit\u00e9, vous pouvez d\u00e9poser une r\u00e9clamation aupr\u00e8s de l&rsquo;Agence espagnole de protection des donn\u00e9es, par l&rsquo;un des moyens suivants :<\/p>\n<p>Si\u00e8ge \u00e9lectronique : <a href=\"https:\/\/www.aepd.es\" target=\"_blank\" rel=\"nofollow noopener\">https:\/\/www.aepd.es<\/a><br \/>\nCourrier postal\u00a0: Agence espagnole de protection des donn\u00e9es, C\/ Jorge Juan, 6, 28001, Madrid<br \/>\nT\u00e9l\u00e9phone : 901.100.099 et 912.663.517<\/p>\n<p>Le d\u00e9p\u00f4t d&rsquo;une r\u00e9clamation aupr\u00e8s de l&rsquo;Agence espagnole de protection des donn\u00e9es n&rsquo;entra\u00eene aucun co\u00fbt et l&rsquo;assistance d&rsquo;un avocat ou d&rsquo;un notaire n&rsquo;est pas n\u00e9cessaire.<\/p>\n<p><strong>mises \u00e0 jour<\/strong><br \/>\nAris Agro SL se r\u00e9serve le droit de modifier cette politique pour l&rsquo;adapter \u00e0 la nouvelle l\u00e9gislation ou jurisprudence qui pourrait affecter son respect.<\/p>\n<\/div>\n","protected":false},"excerpt":{"rendered":"<p>POLITIQUE DE CONFIDENTIALIT\u00c9 ET PROTECTION DES DONN\u00c9ES Conform\u00e9ment au r\u00e8glement (UE) 2016\/679 du Parlement europ\u00e9en et du Conseil du 27 avril 2016 relatif \u00e0 la protection des personnes physiques \u00e0 l&rsquo;\u00e9gard du traitement des donn\u00e9es \u00e0 caract\u00e8re personnel, qui abroge la directive 95\/46\/CE (ci-apr\u00e8s , RGPD), de la loi 34\/2002, du 11 juillet, sur les &#8230; <a title=\"Politique de Confidentialit\u00e9\" class=\"read-more\" href=\"https:\/\/agrotecnica2.com\/fr\/politique-de-confidentialite\/\" aria-label=\"Plus sur Politique de Confidentialit\u00e9\">Lire plus<\/a><\/p>\n","protected":false},"author":2,"featured_media":0,"parent":0,"menu_order":0,"comment_status":"closed","ping_status":"closed","template":"","meta":{"footnotes":""},"class_list":["post-428","page","type-page","status-publish"],"_links":{"self":[{"href":"https:\/\/agrotecnica2.com\/fr\/wp-json\/wp\/v2\/pages\/428","targetHints":{"allow":["GET"]}}],"collection":[{"href":"https:\/\/agrotecnica2.com\/fr\/wp-json\/wp\/v2\/pages"}],"about":[{"href":"https:\/\/agrotecnica2.com\/fr\/wp-json\/wp\/v2\/types\/page"}],"author":[{"embeddable":true,"href":"https:\/\/agrotecnica2.com\/fr\/wp-json\/wp\/v2\/users\/2"}],"replies":[{"embeddable":true,"href":"https:\/\/agrotecnica2.com\/fr\/wp-json\/wp\/v2\/comments?post=428"}],"version-history":[{"count":3,"href":"https:\/\/agrotecnica2.com\/fr\/wp-json\/wp\/v2\/pages\/428\/revisions"}],"predecessor-version":[{"id":459,"href":"https:\/\/agrotecnica2.com\/fr\/wp-json\/wp\/v2\/pages\/428\/revisions\/459"}],"wp:attachment":[{"href":"https:\/\/agrotecnica2.com\/fr\/wp-json\/wp\/v2\/media?parent=428"}],"curies":[{"name":"wp","href":"https:\/\/api.w.org\/{rel}","templated":true}]}}